{"id":172,"date":"2018-10-05T21:45:35","date_gmt":"2018-10-05T18:45:35","guid":{"rendered":"http:\/\/mobianka.com\/threestar\/?page_id=172"},"modified":"2022-10-25T20:52:23","modified_gmt":"2022-10-25T17:52:23","slug":"bize-ulasin","status":"publish","type":"page","link":"https:\/\/threestarcomposite.com\/ar\/bize-ulasin\/","title":{"rendered":"\u0627\u062a\u0635\u0644 \u0628\u0646\u0627"},"content":{"rendered":"<\/p>\n<div class=\"row row-collapse row-full-width\"  id=\"row-492577957\">\n\n\t<div id=\"col-876908938\" class=\"col hide-for-small small-12 large-12\"  >\n\t\t<div class=\"col-inner\"  >\n\t\t\t\n\t\t\t\n<p><iframe src=\"https:\/\/www.google.com\/maps\/d\/embed?mid=1CMtN0tGpX3A8_ACaRr_c1baz1AScFbro\" width=\"100%\" height=\"480\"><\/iframe><\/p>\n\t\t<\/div>\n\t\t\n<style>\n#col-876908938 > .col-inner {\n  margin: 0px 0px -23px 0px;\n}\n<\/style>\n\t<\/div>\n\n\t\n<\/div>\n<div class=\"row row-collapse row-full-width\"  id=\"row-145260733\">\n\n\t<div id=\"col-282571038\" class=\"col show-for-small small-12 large-12\"  >\n\t\t<div class=\"col-inner\"  >\n\t\t\t\n\t\t\t\n<p><iframe src=\"https:\/\/www.google.com\/maps\/d\/embed?mid=1CMtN0tGpX3A8_ACaRr_c1baz1AScFbro\" width=\"100%\" height=\"280\"><\/iframe><\/p>\n\t\t<\/div>\n\t\t\n<style>\n#col-282571038 > .col-inner {\n  margin: 0px 0px -23px 0px;\n}\n<\/style>\n\t<\/div>\n\n\t\n<\/div>\n<div class=\"row row-collapse row-full-width align-center\"  id=\"row-525890396\">\n\n\t<div id=\"col-1247325208\" class=\"col small-12 large-12\"  >\n\t\t<div class=\"col-inner\"  >\n\t\t\t\n\t\t\t\n<h2 style=\"text-align: center;\"><strong><span style=\"color: #000080;\">\u0627\u0644\u062d\u0648\u0627\u0631<\/span><\/strong><\/h2>\n<div class=\"text-center\"><div class=\"is-divider divider clearfix\" style=\"margin-top:0.2em;margin-bottom:0.2em;max-width:45px;height:4px;background-color:rgb(198, 0, 0);\"><\/div><\/div>\n\t\t<\/div>\n\t\t\t<\/div>\n\n\t\n\n<style>\n#row-525890396 > .col > .col-inner {\n  padding: 26px 0px 0px 0px;\n}\n<\/style>\n<\/div>\n<div class=\"row\"  id=\"row-1840079659\">\n\n\t<div id=\"col-927017605\" class=\"col medium-6 small-12 large-6\"  >\n\t\t<div class=\"col-inner\"  >\n\t\t\t\n\t\t\t\n<div class=\"container section-title-container\" ><h3 class=\"section-title section-title-normal\"><b><\/b><span class=\"section-title-main\" style=\"font-size:96%;color:rgb(155, 0, 0);\">\u0645\u0639\u0644\u0648\u0645\u0627\u062a \u0627\u0644\u0627\u062a\u0635\u0627\u0644<\/span><b><\/b><\/h3><\/div>\n<p>\u0627\u0644\u0645\u0643\u062a\u0628 \u0627\u0644\u0631\u0626\u064a\u0633: Merdivenk\u00f6y Mah. Bora Sokak Nida Kule No:1 Kat 16 Kad\u0131k\u00f6y \/ \u0130stanbul<\/p>\n<p>\u0627\u0644\u0645\u0635\u0646\u0639: <span style=\"font-size: 90%;\">\u00c7erke\u015fli Mah, Tav\u015fanc\u0131l Sok. No :72 Dilovas\u0131 \/ Kocaeli<\/span><\/p>\n<p><span style=\"color: #333333;\">:\u0627\u0644\u0647\u0627\u062a\u0641 222 4 255 (212) 90+<\/span><\/p>\n<p><span style=\"color: #333333;\">\u0627\u0644\u0628\u0631\u064a\u062f \u0627\u0644\u0625\u0644\u0643\u062a\u0631\u0648\u0646\u064a :<a href=\"mailto:info@threestarcomposite.com?Subject=Web Site \u0130leti\u015fim Formu\" target=\"_top\" rel=\"noopener noreferrer\">\u00a0info@threestarcomposite.com<\/a><\/span><\/p>\n\t\t<\/div>\n\t\t\t<\/div>\n\n\t\n\n\t<div id=\"col-829941419\" class=\"col medium-6 small-12 large-6\"  >\n\t\t<div class=\"col-inner text-left\"  >\n\t\t\t\n\t\t\t\n<div class=\"container section-title-container\" ><h3 class=\"section-title section-title-normal\"><b><\/b><span class=\"section-title-main\" style=\"color:rgb(155, 0, 0);\">\u0627\u062a\u0635\u0644 \u0628\u0646\u0627<\/span><b><\/b><\/h3><\/div>\n<div id=\"quform-8cd3cf\" class=\"quform quform-12 quform-theme-light quform-rtl quform-support-page-caching\"><form id=\"quform-form-8cd3cf\" class=\"quform-form quform-form-12\" action=\"\/ar\/wp-json\/wp\/v2\/pages\/172#quform-8cd3cf\" method=\"post\" enctype=\"multipart\/form-data\" novalidate=\"novalidate\" data-options=\"{&quot;id&quot;:12,&quot;uniqueId&quot;:&quot;8cd3cf&quot;,&quot;theme&quot;:&quot;light&quot;,&quot;ajax&quot;:true,&quot;logic&quot;:{&quot;logic&quot;:[],&quot;dependents&quot;:[],&quot;elementIds&quot;:[],&quot;dependentElementIds&quot;:[],&quot;animate&quot;:true},&quot;currentPageId&quot;:1,&quot;errorsIcon&quot;:&quot;&quot;,&quot;updateFancybox&quot;:true,&quot;hasPages&quot;:false,&quot;pages&quot;:[1],&quot;pageProgressType&quot;:&quot;numbers&quot;,&quot;tooltipsEnabled&quot;:true,&quot;tooltipClasses&quot;:&quot;qtip-quform-dark qtip-shadow&quot;,&quot;tooltipMy&quot;:&quot;left center&quot;,&quot;tooltipAt&quot;:&quot;right center&quot;,&quot;scrollOffset&quot;:-50,&quot;scrollSpeed&quot;:800}\"><button class=\"quform-default-submit\" name=\"quform_submit\" type=\"submit\" value=\"submit\"><\/button><div class=\"quform-form-inner quform-form-inner-12\"><input type=\"hidden\" name=\"quform_form_id\" value=\"12\" \/><input type=\"hidden\" name=\"quform_form_uid\" value=\"8cd3cf\" \/><input type=\"hidden\" name=\"quform_count\" value=\"1\" \/><input type=\"hidden\" name=\"form_url\" value=\"https:\/\/threestarcomposite.com\/ar\/wp-json\/wp\/v2\/pages\/172\" \/><input type=\"hidden\" name=\"referring_url\" value=\"\" \/><input type=\"hidden\" name=\"post_id\" value=\"\" \/><input type=\"hidden\" name=\"post_title\" value=\"\" \/><input type=\"hidden\" name=\"quform_current_page_id\" value=\"1\" \/><input type=\"hidden\" name=\"quform_csrf_token\" value=\"5CykRi7hbHqASQoyk8EFRpxZ95xeF7l7TjuJAcdi\" \/><div class=\"quform-elements quform-elements-12 quform-cf quform-responsive-elements-phone-landscape\"><div class=\"quform-element quform-element-page quform-page-1 quform-page-12_1 quform-cf quform-group-style-plain quform-first-page quform-last-page quform-current-page\"><div class=\"quform-child-elements\"><div class=\"quform-element quform-element-text quform-element-12_3 quform-cf quform-labels-left quform-element-optional\"><div class=\"quform-spacer\"><div class=\"quform-label quform-label-12_3\"><label class=\"quform-label-text\" for=\"quform_12_3_8cd3cf\">\u0627\u0644\u0644\u0642\u0628 \u0627\u0644\u0627\u0633\u0645<\/label><\/div><div class=\"quform-inner quform-inner-text quform-inner-12_3\"><div class=\"quform-input quform-input-text quform-input-12_3 quform-cf\"><input type=\"text\" id=\"quform_12_3_8cd3cf\" name=\"quform_12_3\" class=\"quform-field quform-field-text quform-field-12_3\" \/><\/div><\/div><\/div><\/div><div class=\"quform-element quform-element-text quform-element-12_4 quform-cf quform-labels-left quform-element-optional\"><div class=\"quform-spacer\"><div class=\"quform-label quform-label-12_4\"><label class=\"quform-label-text\" for=\"quform_12_4_8cd3cf\">\u0627\u0633\u0645 \u0627\u0644\u0634\u0631\u0643\u0629<\/label><\/div><div class=\"quform-inner quform-inner-text quform-inner-12_4\"><div class=\"quform-input quform-input-text quform-input-12_4 quform-cf\"><input type=\"text\" id=\"quform_12_4_8cd3cf\" name=\"quform_12_4\" class=\"quform-field quform-field-text quform-field-12_4\" \/><\/div><\/div><\/div><\/div><div class=\"quform-element quform-element-text quform-element-12_5 quform-cf quform-labels-left quform-element-required\"><div class=\"quform-spacer\"><div class=\"quform-label quform-label-12_5\"><label class=\"quform-label-text\" for=\"quform_12_5_8cd3cf\">\u0627\u0644\u0647\u0627\u062a\u0641<span class=\"quform-required\">*<\/span><\/label><\/div><div class=\"quform-inner quform-inner-text quform-inner-12_5\"><div class=\"quform-input quform-input-text quform-input-12_5 quform-cf\"><input type=\"text\" id=\"quform_12_5_8cd3cf\" name=\"quform_12_5\" class=\"quform-field quform-field-text quform-field-12_5\" placeholder=\"0 5xx\" maxlength=\"11\" \/><\/div><\/div><\/div><\/div><div class=\"quform-element quform-element-email quform-element-12_6 quform-cf quform-labels-left quform-element-required\"><div class=\"quform-spacer\"><div class=\"quform-label quform-label-12_6\"><label class=\"quform-label-text\" for=\"quform_12_6_8cd3cf\">\u0627\u0644\u0628\u0631\u064a\u062f \u0627\u0644\u0625\u0644\u0643\u062a\u0631\u0648\u0646\u064a<span class=\"quform-required\">*<\/span><\/label><\/div><div class=\"quform-inner quform-inner-email quform-inner-12_6\"><div class=\"quform-input quform-input-email quform-input-12_6 quform-cf\"><input type=\"email\" id=\"quform_12_6_8cd3cf\" name=\"quform_12_6\" class=\"quform-field quform-field-email quform-field-12_6\" \/><\/div><\/div><\/div><\/div><div class=\"quform-element quform-element-textarea quform-element-12_7 quform-cf quform-labels-left quform-element-optional\"><div class=\"quform-spacer\"><div class=\"quform-label quform-label-12_7\"><label class=\"quform-label-text\" for=\"quform_12_7_8cd3cf\">\u0631\u0633\u0627\u0644\u0629<\/label><\/div><div class=\"quform-inner quform-inner-textarea quform-inner-12_7\"><div class=\"quform-input quform-input-textarea quform-input-12_7 quform-cf\"><textarea id=\"quform_12_7_8cd3cf\" name=\"quform_12_7\" class=\"quform-field quform-field-textarea quform-field-12_7\"><\/textarea><\/div><\/div><\/div><\/div><div class=\"quform-element quform-element-submit quform-element-12_2 quform-cf quform-button-style-theme\"><div class=\"quform-button-submit quform-button-submit-default quform-button-submit-12_2 quform-button-icon-right\"><button name=\"quform_submit\" type=\"submit\" class=\"quform-submit\" value=\"submit\"><span class=\"quform-button-text quform-button-submit-text\">\u0625\u0631\u0633\u0627\u0644<\/span><span class=\"quform-button-icon quform-button-submit-icon\"><i class=\"qicon-paper-plane\"><\/i><\/span><\/button><\/div><div class=\"quform-loading quform-loading-position-left quform-loading-type-spinner-1\"><div class=\"quform-loading-inner\"><div class=\"quform-loading-spinner\"><div class=\"quform-loading-spinner-inner\"><\/div><\/div><\/div><\/div><\/div><div class=\"quform-element-tree\"><label for=\"quform_12_0_8cd3cf\">\u064a\u062c\u0628 \u062a\u0631\u0643 \u0647\u0630\u0627 \u0627\u0644\u062d\u0642\u0644 \u0641\u0627\u0631\u063a\u0627<\/label><input type=\"text\" id=\"quform_12_0_8cd3cf\" name=\"quform_12_0\" class=\"quform-field quform-field-tree quform-field-12_0\" tabindex=\"-1\" autocomplete=\"off\" \/><\/div><\/div><\/div><\/div><\/div><\/form><\/div>\n\t\t<\/div>\n\t\t\t<\/div>\n\n\t\n\n<style>\n#row-1840079659 > .col > .col-inner {\n  padding: 41px 0px 0px 0px;\n}\n<\/style>\n<\/div>\n<p>&nbsp;<\/p>\n","protected":false},"excerpt":{"rendered":"<p>&nbsp;<\/p>\n","protected":false},"author":1,"featured_media":0,"parent":0,"menu_order":0,"comment_status":"closed","ping_status":"closed","template":"","meta":[],"_links":{"self":[{"href":"https:\/\/threestarcomposite.com\/ar\/wp-json\/wp\/v2\/pages\/172"}],"collection":[{"href":"https:\/\/threestarcomposite.com\/ar\/wp-json\/wp\/v2\/pages"}],"about":[{"href":"https:\/\/threestarcomposite.com\/ar\/wp-json\/wp\/v2\/types\/page"}],"author":[{"embeddable":true,"href":"https:\/\/threestarcomposite.com\/ar\/wp-json\/wp\/v2\/users\/1"}],"replies":[{"embeddable":true,"href":"https:\/\/threestarcomposite.com\/ar\/wp-json\/wp\/v2\/comments?post=172"}],"version-history":[{"count":2,"href":"https:\/\/threestarcomposite.com\/ar\/wp-json\/wp\/v2\/pages\/172\/revisions"}],"predecessor-version":[{"id":2615,"href":"https:\/\/threestarcomposite.com\/ar\/wp-json\/wp\/v2\/pages\/172\/revisions\/2615"}],"wp:attachment":[{"href":"https:\/\/threestarcomposite.com\/ar\/wp-json\/wp\/v2\/media?parent=172"}],"curies":[{"name":"wp","href":"https:\/\/api.w.org\/{rel}","templated":true}]}}