{"id":1695,"date":"2019-01-25T16:37:54","date_gmt":"2019-01-25T13:37:54","guid":{"rendered":"http:\/\/threestarcomposite.com\/?post_type=product&#038;p=1695"},"modified":"2022-01-09T20:10:43","modified_gmt":"2022-01-09T17:10:43","slug":"kompozit-kare-cerceveli-rogar-kapagi-c250-sinif","status":"publish","type":"product","link":"https:\/\/threestarcomposite.com\/ar\/kompozit-kare-cerceveli-rogar-kapagi-c250-sinif\/","title":{"rendered":"\u0641\u0626\u0629 D400 \u063a\u0637\u0627\u0621 \u0645\u0631\u0643\u0628 \u0627\u0643\u0644\u064a\u0645\u0633\u064a\u0632 \u0627\u0644\u0645\u0646\u0627\u0647\u0644"},"content":{"rendered":"<div class=\"row\"  id=\"row-1085264992\">\n\n\t<div id=\"col-109071026\" class=\"col small-12 large-12\"  >\n\t\t<div class=\"col-inner\"  >\n\t\t\t\n\t\t\t\n<div class=\"container section-title-container\" ><h3 class=\"section-title section-title-normal\"><b><\/b><span class=\"section-title-main\" style=\"font-size:85%;color:rgb(181, 0, 23);\">\u0627\u0644\u062a\u0641\u0627\u0635\u064a\u0644 \u0627\u0644\u062a\u0642\u0646\u064a\u0629<\/span><b><\/b><\/h3><\/div>\n<table class=\"shop_attributes\">\n<tbody>\n<tr>\n<th>\u0631\u0645\u0632 \u0627\u0644\u0645\u0646\u062a\u062c<\/th>\n<td>TRS-109<\/td>\n<\/tr>\n<tr>\n<th>\u0646\u0648\u0639<\/th>\n<td>\u062a\u062d\u0645\u064a\u0644 \u062b\u0642\u064a\u0644<\/td>\n<\/tr>\n<tr>\n<th>\u0627\u0644\u0641\u0626\u0629<\/th>\n<td>D400<\/td>\n<\/tr>\n<tr>\n<th>\u062a\u062d\u0645\u064a\u0644 \u0627\u0644\u0645\u0642\u0627\u0648\u0645\u0629<\/th>\n<td>400 Kn<\/td>\n<\/tr>\n<\/tbody>\n<\/table>\n\t\t<\/div>\n\t\t\t<\/div>\n\n\t\n\n\t<div id=\"col-1699959250\" class=\"col medium-6 small-12 large-6\"  >\n\t\t<div class=\"col-inner\"  >\n\t\t\t\n\t\t\t\n<div class=\"container section-title-container\" ><h3 class=\"section-title section-title-normal\"><b><\/b><span class=\"section-title-main\" style=\"font-size:85%;color:rgb(181, 0, 23);\">\u0645\u0644\u0627\u0645\u062d<\/span><b><\/b><\/h3><\/div>\n<ul>\n<li>\u064a\u0648\u062c\u062f \u0639\u062f\u062f 1 \u0645\u0646 \u0623\u0646\u0638\u0645\u0629 \u0627\u0644\u063a\u0644\u0642 \u0627\u0644\u064a\u062f\u0648\u0649<\/li>\n<li>\u062a\u0633\u062a\u062e\u062f\u0645 \u0627\u0644\u0623\u062e\u062a\u0627\u0645 \u0627\u0644\u0645\u0635\u0646\u0648\u0639\u0629 \u0645\u0646 \u0627\u0644\u0645\u0637\u0627\u0637 \u0639\u0644\u0649 \u0633\u0637\u0648\u062d \u0645\u0642\u0639\u062f \u0627\u0644\u063a\u0637\u0627\u0621<\/li>\n<li>\u062a\u0645 \u0627\u0646\u062a\u0627\u062c\u0647 \u0645\u0646\u0627\u0633\u0628\u0627 \u0644\u0645\u0639\u0627\u064a\u064a\u0631 \u062a\u0649 \u0627\u0633 1478 \u0627\u0649 \u0627\u0646 124<\/li>\n<\/ul>\n\t\t<\/div>\n\t\t\t<\/div>\n\n\t\n\n\t<div id=\"col-757250848\" class=\"col medium-6 small-12 large-6\"  >\n\t\t<div class=\"col-inner\"  >\n\t\t\t\n\t\t\t\n<div class=\"container section-title-container\" ><h3 class=\"section-title section-title-normal\"><b><\/b><span class=\"section-title-main\" style=\"font-size:85%;color:rgb(181, 0, 23);\">\u0645\u0632\u0627\u064a\u0627<\/span><b><\/b><\/h3><\/div>\n<ul>\n<li>\u062e\u0641\u064a\u0641 \u0645\u0642\u0627\u0631\u0646\u0629 \u0628\u0627\u0644\u0645\u0639\u062f\u0646<\/li>\n<li>\u0644\u0627 \u064a\u062d\u062a\u0627\u062c \u0635\u064a\u0627\u0646\u0629 \u0648\u0644\u0627 \u064a\u062d\u0645\u0644 \u062e\u0637\u0631 \u0627\u0644\u0633\u0631\u0642\u0629<\/li>\n<li>\u0645\u0642\u0627\u0648\u0645 \u0644\u0644\u062a\u0623\u0643\u0644 \u0648\u0644\u0627 \u064a\u0635\u062f\u0623<\/li>\n<li>\u0633\u0647\u0644 \u062d\u0645\u0644\u0647 \u0648\u062a\u0631\u0643\u064a\u0628\u0647<\/li>\n<li>\u062a\u062a\u0648\u0641\u0631 \u062e\u064a\u0627\u0631\u0627\u062a \u0627\u0644\u0627\u0644\u0648\u0627\u0646 \u0648\u0627\u0644\u0634\u0639\u0627\u0631<\/li>\n<\/ul>\n\t\t<\/div>\n\t\t\t<\/div>\n\n\t\n<\/div>\n<div class=\"row row-collapse row-full-width\"  id=\"row-1586622079\">\n\n\t<div id=\"col-314286848\" class=\"col small-12 large-12\"  >\n\t\t<div class=\"col-inner\"  >\n\t\t\t\n\t\t\t\n<div class=\"accordion\" rel=\"\">\n<div class=\"accordion-item\"><a href=\"#\" class=\"accordion-title plain\"><button class=\"toggle\"><i class=\"icon-angle-down\"><\/i><\/button><span>\u0637\u0644\u0628 \u0627\u0644\u0633\u0639\u0631<\/span><\/a><div class=\"accordion-inner\">\n<div id=\"quform-ca50cf\" class=\"quform quform-11 quform-theme-light quform-rtl quform-support-page-caching\"><form id=\"quform-form-ca50cf\" class=\"quform-form quform-form-11\" action=\"\/ar\/wp-json\/wp\/v2\/product\/1695#quform-ca50cf\" method=\"post\" enctype=\"multipart\/form-data\" novalidate=\"novalidate\" data-options=\"{&quot;id&quot;:11,&quot;uniqueId&quot;:&quot;ca50cf&quot;,&quot;theme&quot;:&quot;light&quot;,&quot;ajax&quot;:true,&quot;logic&quot;:{&quot;logic&quot;:[],&quot;dependents&quot;:[],&quot;elementIds&quot;:[],&quot;dependentElementIds&quot;:[],&quot;animate&quot;:true},&quot;currentPageId&quot;:1,&quot;errorsIcon&quot;:&quot;&quot;,&quot;updateFancybox&quot;:true,&quot;hasPages&quot;:false,&quot;pages&quot;:[1],&quot;pageProgressType&quot;:&quot;tabs&quot;,&quot;tooltipsEnabled&quot;:true,&quot;tooltipClasses&quot;:&quot;qtip-quform-dark qtip-shadow&quot;,&quot;tooltipMy&quot;:&quot;left center&quot;,&quot;tooltipAt&quot;:&quot;right center&quot;,&quot;scrollOffset&quot;:-50,&quot;scrollSpeed&quot;:800}\"><button class=\"quform-default-submit\" name=\"quform_submit\" type=\"submit\" value=\"submit\"><\/button><div class=\"quform-form-inner quform-form-inner-11\"><input type=\"hidden\" name=\"quform_form_id\" value=\"11\" \/><input type=\"hidden\" name=\"quform_form_uid\" value=\"ca50cf\" \/><input type=\"hidden\" name=\"quform_count\" value=\"1\" \/><input type=\"hidden\" name=\"form_url\" value=\"https:\/\/threestarcomposite.com\/ar\/wp-json\/wp\/v2\/product\/1695\" \/><input type=\"hidden\" name=\"referring_url\" value=\"\" \/><input type=\"hidden\" name=\"post_id\" value=\"\" \/><input type=\"hidden\" name=\"post_title\" value=\"\" \/><input type=\"hidden\" name=\"quform_current_page_id\" value=\"1\" \/><input type=\"hidden\" name=\"quform_csrf_token\" value=\"9Hl1LJoIs7ClvylJMNfVRAyBX0xsxXRQSiDQlBaa\" \/><div class=\"quform-elements quform-elements-11 quform-cf quform-responsive-elements-phone-portrait\"><div class=\"quform-element quform-element-page quform-page-1 quform-page-11_1 quform-cf quform-group-style-plain quform-first-page quform-last-page quform-current-page\"><div class=\"quform-child-elements\"><div class=\"quform-element quform-element-row quform-element-row-11_40 quform-2-columns quform-element-row-size-fixed quform-responsive-columns-phone-portrait\"><div class=\"quform-element quform-element-column quform-element-11_41\"><div class=\"quform-element quform-element-text quform-element-11_45 quform-cf quform-element-optional\"><div class=\"quform-spacer\"><div class=\"quform-label quform-label-11_45\"><label class=\"quform-label-text\" for=\"quform_11_45_ca50cf\">\u0627\u0644\u0634\u062e\u0635 \u0627\u0644\u0645\u0639\u062a\u0645\u062f<\/label><\/div><div class=\"quform-inner quform-inner-text quform-inner-11_45\"><div class=\"quform-input quform-input-text quform-input-11_45 quform-cf\"><input type=\"text\" id=\"quform_11_45_ca50cf\" name=\"quform_11_45\" class=\"quform-field quform-field-text quform-field-11_45\" \/><\/div><\/div><\/div><\/div><\/div><div class=\"quform-element quform-element-column quform-element-11_43\"><div class=\"quform-element quform-element-text quform-element-11_46 quform-cf quform-element-optional\"><div class=\"quform-spacer\"><div class=\"quform-label quform-label-11_46\"><label class=\"quform-label-text\" for=\"quform_11_46_ca50cf\">\u0627\u0633\u0645 \u0627\u0644\u0634\u0631\u0643\u0629<\/label><\/div><div class=\"quform-inner quform-inner-text quform-inner-11_46\"><div class=\"quform-input quform-input-text quform-input-11_46 quform-cf\"><input type=\"text\" id=\"quform_11_46_ca50cf\" name=\"quform_11_46\" class=\"quform-field quform-field-text quform-field-11_46\" \/><\/div><\/div><\/div><\/div><\/div><\/div><div class=\"quform-element quform-element-row quform-element-row-11_15 quform-2-columns quform-element-row-size-fixed quform-responsive-columns-phone-portrait\"><div class=\"quform-element quform-element-column quform-element-11_16\"><div class=\"quform-element quform-element-email quform-element-11_5 quform-cf quform-element-required\"><div class=\"quform-spacer\"><div class=\"quform-label quform-label-11_5\"><span class=\"quform-label-icon\"><i class=\"fa fa-envelope\"><\/i><\/span><label class=\"quform-label-text\" for=\"quform_11_5_ca50cf\">\u0639\u0646\u0648\u0627\u0646 \u0627\u0644\u0628\u0631\u064a\u062f \u0627\u0644\u0627\u0644\u0643\u062a\u0631\u0648\u0646\u064a<span class=\"quform-required\">*<\/span><\/label><\/div><div class=\"quform-inner quform-inner-email quform-inner-11_5\"><div class=\"quform-input quform-input-email quform-input-11_5 quform-cf\"><input type=\"email\" id=\"quform_11_5_ca50cf\" name=\"quform_11_5\" class=\"quform-field quform-field-email quform-field-11_5\" \/><\/div><\/div><\/div><\/div><\/div><div class=\"quform-element quform-element-column quform-element-11_17\"><div class=\"quform-element quform-element-text quform-element-11_7 quform-cf quform-element-required\"><div class=\"quform-spacer\"><div class=\"quform-label quform-label-11_7\"><span class=\"quform-label-icon\"><i class=\"fa fa-phone\"><\/i><\/span><label class=\"quform-label-text\" for=\"quform_11_7_ca50cf\">\u0647\u0627\u062a\u0641<span class=\"quform-required\">*<\/span><\/label><\/div><div class=\"quform-inner quform-inner-text quform-inner-11_7\"><div class=\"quform-input quform-input-text quform-input-11_7 quform-cf\"><input type=\"text\" id=\"quform_11_7_ca50cf\" name=\"quform_11_7\" class=\"quform-field quform-field-text quform-field-11_7\" placeholder=\"0 5xx ... .. ..\" maxlength=\"20\" \/><\/div><\/div><\/div><\/div><\/div><\/div><div class=\"quform-element quform-element-select quform-element-11_51 quform-cf quform-element-optional\"><div class=\"quform-spacer\"><div class=\"quform-label quform-label-11_51\"><label class=\"quform-label-text\" for=\"quform_11_51_ca50cf\">\u0627\u0644\u0645\u0646\u062a\u062c \u0627\u0644\u0630\u064a \u062a\u0631\u064a\u062f\u0647<\/label><\/div><div class=\"quform-inner quform-inner-select quform-inner-11_51\"><div class=\"quform-input quform-input-select quform-input-11_51 quform-cf\"><select id=\"quform_11_51_ca50cf\" name=\"quform_11_51\" class=\"quform-field quform-field-select quform-field-11_51\"><option value=\"\" selected=\"selected\">\u0627\u062e\u062a\u0631 \u0645\u0646 \u0641\u0636\u0644\u0643<\/option><optgroup label=\"\u0645\u0646\u062a\u062c\u0627\u062a \u0627\u0644\u0628\u0646\u064a\u0629 \u0627\u0644\u062a\u062d\u062a\u064a\u0629\"><option value=\"Kompozit R\u00f6gar Kapaklar\u0131\">\u0623\u063a\u0637\u064a\u0629 \u0627\u0644\u0628\u0627\u0644\u0648\u0639\u0627\u062a<\/option><option value=\"S\u0131n\u0131r Elemanlar\u0131\">\u0627\u0642\u0645\u0627\u0639 \u062a\u062d\u0630\u064a\u0631\u064a\u0629<\/option><option value=\"Kompozit Izgaralar\">\u0634\u0628\u0643\u0627\u062a \u0635\u0644\u0628\u0629<\/option><option value=\"A\u011fa\u00e7 Dibi Mazgallar\u0131\">\u0634\u0628\u0643\u0629 \u0635\u0644\u0628\u0629 \u0644\u0623\u0633\u0641\u0644 \u0627\u0644\u0634\u062c\u0631\u0629<\/option><option value=\"Drenaj Kanallar\u0131\">\u0642\u0646\u0648\u0627\u062a \u062a\u0635\u0631\u064a\u0641 \u0627\u0644\u0645\u064a\u0627\u0629<\/option><option value=\"Kompozit Ek Odalar\">\u063a\u0631\u0641 \u0627\u0636\u0627\u0641\u064a\u0629 \u0645\u0631\u0643\u0628\u0629<\/option><option value=\"Kompozit Piknik Masas\u0131\">\u0637\u0631\u0627\u0628\u064a\u0632\u0627\u062a \u0627\u0644\u062d\u062f\u0627\u0626\u0642 <\/option><option value=\"Oturma Banklar\u0131\">\u0645\u0642\u0627\u0639\u062f \u0627\u0644\u062c\u0644\u0648\u0633 \u0644\u0644\u0645\u0646\u0627\u0637\u0642 \u0627\u0644\u0639\u0627\u0645\u0629<\/option><\/optgroup><optgroup label=\"\u0645\u0639\u062f\u0627\u062a \u0627\u0644\u0633\u0643\u0643 \u0627\u0644\u062d\u062f\u064a\u062f\u064a\u0629\"><option value=\"Ana G\u00f6vde\">\u0645\u0639\u062f\u0627\u062a \u0627\u0644\u062c\u0633\u0645 \u0627\u0644\u0631\u0626\u064a\u0633\u064a\u0629<\/option><option value=\"Ray Ba\u011flant\u0131 Sistemleri\">\u0623\u0646\u0638\u0645\u0629 \u0627\u062a\u0635\u0627\u0644 \u0627\u0644\u0633\u0643\u0643 \u0627\u0644\u062d\u062f\u064a\u062f\u064a\u0629<\/option><option value=\"Tutma Aparatlar\u0131\">\u0627\u0644\u0645\u0642\u0627\u0628\u0636 <\/option><option value=\"Koltuklar\">\u0645\u0642\u0627\u0639\u062f<\/option><\/optgroup><optgroup label=\"\u0635\u0646\u0627\u0639\u0629 \u0627\u0644\u0633\u064a\u0627\u0631\u0627\u062a\"><option value=\"Basamaklar\">\u0627\u0644\u062f\u0631\u062c\u0627\u062a<\/option><option value=\"Tamponlar\">\u0627\u0643\u0635\u062f\u0627\u0645<\/option><option value=\"Fiberglass Ni\u015fasta Tepsileri\">\u0635\u0648\u0627\u0646\u064a \u0646\u0634\u0627 \u0627\u0644\u0641\u064a\u0628\u0631\u062c\u0644\u0627\u0633<\/option><\/optgroup><optgroup label=\"\u0635\u0646\u0627\u0639\u0629 \u0627\u0644\u062f\u0641\u0627\u0639\"><option value=\"A\u011eIR S\u0130LAH EK\u0130PMANLARI\">\u0645\u0639\u062f\u0627\u062a \u0627\u0644\u0633\u0644\u0627\u062d \u0627\u0644\u062b\u0642\u064a\u0644<\/option><option value=\"Ayaklar\">\u0627\u0644\u0627\u0642\u062f\u0627\u0645           <\/option><option value=\"Kabze\">\u0627\u0644\u0642\u0628\u0636\u0627\u062a<\/option><option value=\"\u015earj\u00f6rler\">\u0645\u062e\u0627\u0632\u0646 \u062e\u0631\u0637\u0648\u0634<\/option><option value=\"Dip\u00e7ikler\">\u0642\u0627\u0639\u062f\u0629 \u0627\u0644\u0628\u0646\u062f\u0642\u064a\u0629 <\/option><option value=\"BAL\u0130ST\u0130K KORUYUCU S\u0130STEMLER\">\u0623\u0646\u0638\u0645\u0629 \u062d\u0645\u0627\u064a\u0629 \u0628\u0627\u0644\u0633\u062a\u064a\u0629          <\/option><option value=\"Kalkanlar\">\u062f\u0631\u0648\u0639                     <\/option><option value=\"Mi\u011fferler\">\u062e\u0648\u0630\u0627\u062a<\/option><option value=\"Koruyucu Plakalar\">\u0644\u0648\u062d\u0627\u062a \u0648\u0627\u0642\u064a\u0629<\/option><option value=\"Koruyucu Yelekler\">\u0633\u062a\u0631\u0627\u062a \u0648\u0627\u0642\u064a\u0629<\/option><\/optgroup><\/select><\/div><\/div><\/div><\/div><div class=\"quform-element quform-element-text quform-element-11_49 quform-cf quform-element-required\"><div class=\"quform-spacer\"><div class=\"quform-label quform-label-11_49\"><label class=\"quform-label-text\" for=\"quform_11_49_ca50cf\">\u0627\u0644\u0643\u0645\u064a\u0629 \u0627\u0644\u0645\u0637\u0644\u0648\u0628\u0629<span class=\"quform-required\">*<\/span><\/label><\/div><div class=\"quform-inner quform-inner-text quform-inner-11_49\"><div class=\"quform-input quform-input-text quform-input-11_49 quform-cf\"><input type=\"text\" id=\"quform_11_49_ca50cf\" name=\"quform_11_49\" class=\"quform-field quform-field-text quform-field-11_49\" \/><\/div><\/div><\/div><\/div><div class=\"quform-element quform-element-submit quform-element-11_2 quform-cf quform-button-style-shine-gradient quform-button-width-small\"><div class=\"quform-button-submit quform-button-submit-default quform-button-submit-11_2 quform-button-icon-right\"><button name=\"quform_submit\" type=\"submit\" class=\"quform-submit\" value=\"submit\"><span class=\"quform-button-text quform-button-submit-text\">\u0625\u0631\u0633\u0627\u0644<\/span><span class=\"quform-button-icon quform-button-submit-icon\"><i class=\"qicon-send\"><\/i><\/span><\/button><\/div><div class=\"quform-loading quform-loading-position-left quform-loading-type-spinner-1\"><div class=\"quform-loading-inner\"><div class=\"quform-loading-spinner\"><div class=\"quform-loading-spinner-inner\"><\/div><\/div><\/div><\/div><\/div><div class=\"quform-element-tree\"><label for=\"quform_11_0_ca50cf\">\u064a\u062c\u0628 \u062a\u0631\u0643 \u0647\u0630\u0627 \u0627\u0644\u062d\u0642\u0644 \u0641\u0627\u0631\u063a\u0627<\/label><input type=\"text\" id=\"quform_11_0_ca50cf\" name=\"quform_11_0\" class=\"quform-field quform-field-tree quform-field-11_0\" tabindex=\"-1\" autocomplete=\"off\" \/><\/div><\/div><\/div><\/div><\/div><\/form><\/div>\n<\/div><\/div>\n<\/div>\n\t\t<\/div>\n\t\t\t<\/div>\n\n\t\n<\/div>\n<p>&nbsp;<\/p>\n","protected":false},"excerpt":{"rendered":"<h4>\u0645\u0644\u0627\u0645\u062d<\/h4>\n<ul>\n<li>\u064a\u0648\u062c\u062f \u0639\u062f\u062f 1 \u0645\u0646 \u0623\u0646\u0638\u0645\u0629 \u0627\u0644\u063a\u0644\u0642 \u0627\u0644\u064a\u062f\u0648\u0649<\/li>\n<li>\u064a\u0648\u062c\u062f \u0639\u062f\u062f 1 \u0645\u0642\u0628\u0636 \u0645\u0639\u062f\u0646\u0649 \u0639\u0644\u0649 \u0627\u0644\u063a\u0637\u0627\u0621<\/li>\n<li>\u062a\u0633\u062a\u062e\u062f\u0645 \u0627\u0644\u0623\u062e\u062a\u0627\u0645 \u0627\u0644\u0645\u0635\u0646\u0648\u0639\u0629 \u0645\u0646 \u0627\u0644\u0645\u0637\u0627\u0637 \u0639\u0644\u0649 \u0633\u0637\u0648\u062d \u0645\u0642\u0639\u062f \u0627\u0644\u063a\u0637\u0627\u0621<\/li>\n<li>\u062a\u0645 \u0627\u0646\u062a\u0627\u062c\u0647 \u0645\u0646\u0627\u0633\u0628\u0627 \u0644\u0645\u0639\u0627\u064a\u064a\u0631 \u062a\u0649 \u0627\u0633 1478 \u0627\u0649 \u0627\u0646 124<\/li>\n<\/ul>\n","protected":false},"featured_media":1751,"template":"","meta":[],"product_cat":[91],"product_tag":[],"_links":{"self":[{"href":"https:\/\/threestarcomposite.com\/ar\/wp-json\/wp\/v2\/product\/1695"}],"collection":[{"href":"https:\/\/threestarcomposite.com\/ar\/wp-json\/wp\/v2\/product"}],"about":[{"href":"https:\/\/threestarcomposite.com\/ar\/wp-json\/wp\/v2\/types\/product"}],"wp:featuredmedia":[{"embeddable":true,"href":"https:\/\/threestarcomposite.com\/ar\/wp-json\/wp\/v2\/media\/1751"}],"wp:attachment":[{"href":"https:\/\/threestarcomposite.com\/ar\/wp-json\/wp\/v2\/media?parent=1695"}],"wp:term":[{"taxonomy":"product_cat","embeddable":true,"href":"https:\/\/threestarcomposite.com\/ar\/wp-json\/wp\/v2\/product_cat?post=1695"},{"taxonomy":"product_tag","embeddable":true,"href":"https:\/\/threestarcomposite.com\/ar\/wp-json\/wp\/v2\/product_tag?post=1695"}],"curies":[{"name":"wp","href":"https:\/\/api.w.org\/{rel}","templated":true}]}}