{"id":1942,"date":"2019-11-27T19:24:36","date_gmt":"2019-11-27T16:24:36","guid":{"rendered":"https:\/\/threestarcomposite.com\/?post_type=product&#038;p=1942"},"modified":"2020-05-16T21:42:54","modified_gmt":"2020-05-16T18:42:54","slug":"sfero-dokum-125-x-500-x-20-kanal-izgarasi","status":"publish","type":"product","link":"https:\/\/threestarcomposite.com\/ar\/sfero-dokum-125-x-500-x-20-kanal-izgarasi\/","title":{"rendered":"Sfero D\u00f6k\u00fcm 12.5 X 50 X 2 cm Kanal Izgaras\u0131"},"content":{"rendered":"","protected":false},"excerpt":{"rendered":"","protected":false},"featured_media":2034,"template":"","meta":[],"product_cat":[117],"product_tag":[],"_links":{"self":[{"href":"https:\/\/threestarcomposite.com\/ar\/wp-json\/wp\/v2\/product\/1942"}],"collection":[{"href":"https:\/\/threestarcomposite.com\/ar\/wp-json\/wp\/v2\/product"}],"about":[{"href":"https:\/\/threestarcomposite.com\/ar\/wp-json\/wp\/v2\/types\/product"}],"wp:featuredmedia":[{"embeddable":true,"href":"https:\/\/threestarcomposite.com\/ar\/wp-json\/wp\/v2\/media\/2034"}],"wp:attachment":[{"href":"https:\/\/threestarcomposite.com\/ar\/wp-json\/wp\/v2\/media?parent=1942"}],"wp:term":[{"taxonomy":"product_cat","embeddable":true,"href":"https:\/\/threestarcomposite.com\/ar\/wp-json\/wp\/v2\/product_cat?post=1942"},{"taxonomy":"product_tag","embeddable":true,"href":"https:\/\/threestarcomposite.com\/ar\/wp-json\/wp\/v2\/product_tag?post=1942"}],"curies":[{"name":"wp","href":"https:\/\/api.w.org\/{rel}","templated":true}]}}