{"id":1946,"date":"2019-11-26T16:26:12","date_gmt":"2019-11-26T13:26:12","guid":{"rendered":"https:\/\/threestarcomposite.com\/?post_type=product&#038;p=1946"},"modified":"2020-05-16T21:43:32","modified_gmt":"2020-05-16T18:43:32","slug":"sfero-dokum-500-x-500-x-45-kanal-izgarasi","status":"publish","type":"product","link":"https:\/\/threestarcomposite.com\/ar\/sfero-dokum-500-x-500-x-45-kanal-izgarasi\/","title":{"rendered":"Sfero D\u00f6k\u00fcm 50 X 50 X 4.5 cm Kanal Izgaras\u0131"},"content":{"rendered":"","protected":false},"excerpt":{"rendered":"","protected":false},"featured_media":2038,"template":"","meta":[],"product_cat":[117],"product_tag":[],"_links":{"self":[{"href":"https:\/\/threestarcomposite.com\/ar\/wp-json\/wp\/v2\/product\/1946"}],"collection":[{"href":"https:\/\/threestarcomposite.com\/ar\/wp-json\/wp\/v2\/product"}],"about":[{"href":"https:\/\/threestarcomposite.com\/ar\/wp-json\/wp\/v2\/types\/product"}],"wp:featuredmedia":[{"embeddable":true,"href":"https:\/\/threestarcomposite.com\/ar\/wp-json\/wp\/v2\/media\/2038"}],"wp:attachment":[{"href":"https:\/\/threestarcomposite.com\/ar\/wp-json\/wp\/v2\/media?parent=1946"}],"wp:term":[{"taxonomy":"product_cat","embeddable":true,"href":"https:\/\/threestarcomposite.com\/ar\/wp-json\/wp\/v2\/product_cat?post=1946"},{"taxonomy":"product_tag","embeddable":true,"href":"https:\/\/threestarcomposite.com\/ar\/wp-json\/wp\/v2\/product_tag?post=1946"}],"curies":[{"name":"wp","href":"https:\/\/api.w.org\/{rel}","templated":true}]}}