{"id":1990,"date":"2019-11-30T16:17:54","date_gmt":"2019-11-30T13:17:54","guid":{"rendered":"https:\/\/threestarcomposite.com\/?post_type=product&#038;p=1990"},"modified":"2021-03-08T15:19:14","modified_gmt":"2021-03-08T12:19:14","slug":"kompozit-klasik-bank-3","status":"publish","type":"product","link":"https:\/\/threestarcomposite.com\/ar\/kompozit-klasik-bank-3\/","title":{"rendered":"Kompozit Klasik Bank"},"content":{"rendered":"<div class=\"row\"  id=\"row-1376144412\">\n\n\t<div id=\"col-1180680582\" class=\"col small-12 large-12\"  >\n\t\t<div class=\"col-inner\"  >\n\t\t\t\n\t\t\t\n<div class=\"container section-title-container\" ><h3 class=\"section-title section-title-normal\"><b><\/b><span class=\"section-title-main\" style=\"font-size:85%;color:rgb(181, 0, 23);\">Teknik Detaylar<\/span><b><\/b><\/h3><\/div>\n<table class=\"shop_attributes\">\n<tbody>\n<tr>\n<th>\u00dcr\u00fcn Kodu<\/th>\n<td>TRS-925<\/td>\n<\/tr>\n<\/tbody>\n<\/table>\n\t\t<\/div>\n\t\t\t<\/div>\n\n\t\n\n\t<div id=\"col-290445614\" class=\"col small-12 large-12\"  >\n\t\t<div class=\"col-inner\"  >\n\t\t\t\n\t\t\t\n<div class=\"container section-title-container\" ><h3 class=\"section-title section-title-normal\"><b><\/b><span class=\"section-title-main\" style=\"font-size:85%;color:rgb(181, 0, 23);\">Avantajlar\u0131<\/span><b><\/b><\/h3><\/div>\n<ul>\n<li>Korozyona dayan\u0131kl\u0131d\u0131r ve paslanmaz.<\/li>\n<li>Renk ve logo se\u00e7enekleri mevcuttur.<\/li>\n<\/ul>\n\t\t<\/div>\n\t\t\t<\/div>\n\n\t\n<\/div>\n<div class=\"row row-collapse row-full-width\"  id=\"row-413346257\">\n\n\t<div id=\"col-2067217082\" class=\"col small-12 large-12\"  >\n\t\t<div class=\"col-inner\"  >\n\t\t\t\n\t\t\t\n<div class=\"accordion\" rel=\"\">\n<div class=\"accordion-item\"><a href=\"#\" class=\"accordion-title plain\"><button class=\"toggle\"><i class=\"icon-angle-down\"><\/i><\/button><span>TEKL\u0130F AL<\/span><\/a><div class=\"accordion-inner\">\n<div id=\"quform-3feac6\" class=\"quform quform-9 quform-theme-light quform-rtl quform-support-page-caching\"><form id=\"quform-form-3feac6\" class=\"quform-form quform-form-9\" action=\"\/ar\/wp-json\/wp\/v2\/product\/1990#quform-3feac6\" method=\"post\" enctype=\"multipart\/form-data\" novalidate=\"novalidate\" data-options=\"{&quot;id&quot;:9,&quot;uniqueId&quot;:&quot;3feac6&quot;,&quot;theme&quot;:&quot;light&quot;,&quot;ajax&quot;:true,&quot;logic&quot;:{&quot;logic&quot;:[],&quot;dependents&quot;:[],&quot;elementIds&quot;:[],&quot;dependentElementIds&quot;:[],&quot;animate&quot;:true},&quot;currentPageId&quot;:1,&quot;errorsIcon&quot;:&quot;&quot;,&quot;updateFancybox&quot;:true,&quot;hasPages&quot;:false,&quot;pages&quot;:[1],&quot;pageProgressType&quot;:&quot;tabs&quot;,&quot;tooltipsEnabled&quot;:true,&quot;tooltipClasses&quot;:&quot;qtip-quform-dark qtip-shadow&quot;,&quot;tooltipMy&quot;:&quot;left center&quot;,&quot;tooltipAt&quot;:&quot;right center&quot;,&quot;scrollOffset&quot;:-50,&quot;scrollSpeed&quot;:800}\"><button class=\"quform-default-submit\" name=\"quform_submit\" type=\"submit\" value=\"submit\"><\/button><div class=\"quform-form-inner quform-form-inner-9\"><input type=\"hidden\" name=\"quform_form_id\" value=\"9\" \/><input type=\"hidden\" name=\"quform_form_uid\" value=\"3feac6\" \/><input type=\"hidden\" name=\"quform_count\" value=\"1\" \/><input type=\"hidden\" name=\"form_url\" value=\"https:\/\/threestarcomposite.com\/ar\/wp-json\/wp\/v2\/product\/1990\" \/><input type=\"hidden\" name=\"referring_url\" value=\"\" \/><input type=\"hidden\" name=\"post_id\" value=\"\" \/><input type=\"hidden\" name=\"post_title\" value=\"\" \/><input type=\"hidden\" name=\"quform_current_page_id\" value=\"1\" \/><input type=\"hidden\" name=\"quform_csrf_token\" value=\"jxsWx6SHyaU8vsPIHUJ7GxNHl0AkEU8qxSY9S6qz\" \/><div class=\"quform-elements quform-elements-9 quform-cf quform-responsive-elements-phone-portrait\"><div class=\"quform-element quform-element-page quform-page-1 quform-page-9_1 quform-cf quform-group-style-plain quform-first-page quform-last-page quform-current-page\"><div class=\"quform-child-elements\"><div class=\"quform-element quform-element-row quform-element-row-9_40 quform-2-columns quform-element-row-size-fixed quform-responsive-columns-phone-portrait\"><div class=\"quform-element quform-element-column quform-element-9_41\"><div class=\"quform-element quform-element-text quform-element-9_45 quform-cf quform-element-optional\"><div class=\"quform-spacer\"><div class=\"quform-label quform-label-9_45\"><label class=\"quform-label-text\" for=\"quform_9_45_3feac6\">Authorized Person<\/label><\/div><div class=\"quform-inner quform-inner-text quform-inner-9_45\"><div class=\"quform-input quform-input-text quform-input-9_45 quform-cf\"><input type=\"text\" id=\"quform_9_45_3feac6\" name=\"quform_9_45\" class=\"quform-field quform-field-text quform-field-9_45\" \/><\/div><\/div><\/div><\/div><\/div><div class=\"quform-element quform-element-column quform-element-9_43\"><div class=\"quform-element quform-element-text quform-element-9_46 quform-cf quform-element-optional\"><div class=\"quform-spacer\"><div class=\"quform-label quform-label-9_46\"><label class=\"quform-label-text\" for=\"quform_9_46_3feac6\">Company Name<\/label><\/div><div class=\"quform-inner quform-inner-text quform-inner-9_46\"><div class=\"quform-input quform-input-text quform-input-9_46 quform-cf\"><input type=\"text\" id=\"quform_9_46_3feac6\" name=\"quform_9_46\" class=\"quform-field quform-field-text quform-field-9_46\" \/><\/div><\/div><\/div><\/div><\/div><\/div><div class=\"quform-element quform-element-row quform-element-row-9_15 quform-2-columns quform-element-row-size-fixed quform-responsive-columns-phone-portrait\"><div class=\"quform-element quform-element-column quform-element-9_16\"><div class=\"quform-element quform-element-email quform-element-9_5 quform-cf quform-element-required\"><div class=\"quform-spacer\"><div class=\"quform-label quform-label-9_5\"><span class=\"quform-label-icon\"><i class=\"fa fa-envelope\"><\/i><\/span><label class=\"quform-label-text\" for=\"quform_9_5_3feac6\">E-Mail<span class=\"quform-required\">*<\/span><\/label><\/div><div class=\"quform-inner quform-inner-email quform-inner-9_5\"><div class=\"quform-input quform-input-email quform-input-9_5 quform-cf\"><input type=\"email\" id=\"quform_9_5_3feac6\" name=\"quform_9_5\" class=\"quform-field quform-field-email quform-field-9_5\" \/><\/div><\/div><\/div><\/div><\/div><div class=\"quform-element quform-element-column quform-element-9_17\"><div class=\"quform-element quform-element-text quform-element-9_7 quform-cf quform-element-required\"><div class=\"quform-spacer\"><div class=\"quform-label quform-label-9_7\"><span class=\"quform-label-icon\"><i class=\"fa fa-phone\"><\/i><\/span><label class=\"quform-label-text\" for=\"quform_9_7_3feac6\">Phone<span class=\"quform-required\">*<\/span><\/label><\/div><div class=\"quform-inner quform-inner-text quform-inner-9_7\"><div class=\"quform-input quform-input-text quform-input-9_7 quform-cf\"><input type=\"text\" id=\"quform_9_7_3feac6\" name=\"quform_9_7\" class=\"quform-field quform-field-text quform-field-9_7\" placeholder=\"0 5xx ... .. ..\" maxlength=\"20\" \/><\/div><\/div><\/div><\/div><\/div><\/div><div class=\"quform-element quform-element-select quform-element-9_51 quform-cf quform-element-required\"><div class=\"quform-spacer\"><div class=\"quform-label quform-label-9_51\"><label class=\"quform-label-text\" for=\"quform_9_51_3feac6\">Desired Product<span class=\"quform-required\">*<\/span><\/label><\/div><div class=\"quform-inner quform-inner-select quform-inner-9_51\"><div class=\"quform-input quform-input-select quform-input-9_51 quform-cf\"><select id=\"quform_9_51_3feac6\" name=\"quform_9_51\" class=\"quform-field quform-field-select quform-field-9_51\"><option value=\"\" selected=\"selected\">\u0627\u062e\u062a\u0631 \u0645\u0646 \u0641\u0636\u0644\u0643<\/option><optgroup label=\"INFRASTRUCTURE PRODUCTS\"><option value=\"Composite Manhole Covers\">Composite Manhole Covers<\/option><option value=\"Composite Bollards\">Composite Bollards<\/option><option value=\"Composite Gully Gratings\">Composite Gully Gratings<\/option><option value=\"Composite Tree Grates\">Composite Tree Grates<\/option><option value=\"Composite Drainage Channels\">Composite Drainage Channels<\/option><option value=\"Composite Additional Rooms\">Composite Additional Rooms<\/option><option value=\"Composite Picnic Table\">Composite Picnic Table<\/option><option value=\"Sitting Benchs\">Sitting Benchs<\/option><\/optgroup><optgroup label=\"RAILWAY EQUIPMENTS\"><option value=\"Chassis\">Chassis<\/option><option value=\"Rail Connection Systems\">Rail Connection Systems<\/option><option value=\"Gripping Apparatus\">Gripping Apparatus<\/option><option value=\"Seats\">Seats<\/option><\/optgroup><optgroup label=\"AUTOMOTIVE INDUSTRY\"><option value=\"Footsteps\">Footsteps<\/option><option value=\"Buffers\">Buffers<\/option><option value=\"Fiberglass Starch Trays\">Fiberglass Starch Trays<\/option><\/optgroup><optgroup label=\"DEFENSE INDUSTRY\"><option value=\"HEAVY WEAPON EQUIPMENT\">HEAVY WEAPON EQUIPMENT<\/option><option value=\"Feet\">Feet<\/option><option value=\"Grips\">Grips<\/option><option value=\"Magazine\">Magazine<\/option><option value=\"Butt\">Butt<\/option><option value=\"BALLISTIC PROTECTIVE EQUIPMENT\">BALLISTIC PROTECTIVE EQUIPMENT<\/option><option value=\"Shields\">Shields<\/option><option value=\"Helmets\">Helmets<\/option><option value=\"Protective Plates\">Protective Plates<\/option><option value=\"Protective Vests\">Protective Vests<\/option><\/optgroup><\/select><\/div><\/div><\/div><\/div><div class=\"quform-element quform-element-text quform-element-9_49 quform-cf quform-element-required\"><div class=\"quform-spacer\"><div class=\"quform-label quform-label-9_49\"><label class=\"quform-label-text\" for=\"quform_9_49_3feac6\">Count<span class=\"quform-required\">*<\/span><\/label><\/div><div class=\"quform-inner quform-inner-text quform-inner-9_49\"><div class=\"quform-input quform-input-text quform-input-9_49 quform-cf\"><input type=\"text\" id=\"quform_9_49_3feac6\" name=\"quform_9_49\" class=\"quform-field quform-field-text quform-field-9_49\" \/><\/div><\/div><\/div><\/div><div class=\"quform-element quform-element-submit quform-element-9_2 quform-cf quform-button-style-shine-gradient quform-button-width-small\"><div class=\"quform-button-submit quform-button-submit-default quform-button-submit-9_2 quform-button-icon-right\"><button name=\"quform_submit\" type=\"submit\" class=\"quform-submit\" value=\"submit\"><span class=\"quform-button-text quform-button-submit-text\">SEND<\/span><span class=\"quform-button-icon quform-button-submit-icon\"><i class=\"qicon-send\"><\/i><\/span><\/button><\/div><div class=\"quform-loading quform-loading-position-left quform-loading-type-spinner-1\"><div class=\"quform-loading-inner\"><div class=\"quform-loading-spinner\"><div class=\"quform-loading-spinner-inner\"><\/div><\/div><\/div><\/div><\/div><div class=\"quform-element-tree\"><label for=\"quform_9_0_3feac6\">\u064a\u062c\u0628 \u062a\u0631\u0643 \u0647\u0630\u0627 \u0627\u0644\u062d\u0642\u0644 \u0641\u0627\u0631\u063a\u0627<\/label><input type=\"text\" id=\"quform_9_0_3feac6\" name=\"quform_9_0\" class=\"quform-field quform-field-tree quform-field-9_0\" tabindex=\"-1\" autocomplete=\"off\" \/><\/div><\/div><\/div><\/div><\/div><\/form><\/div>\n<\/div><\/div>\n<\/div>\n\t\t<\/div>\n\t\t\t<\/div>\n\n\t\n<\/div>\n","protected":false},"excerpt":{"rendered":"","protected":false},"featured_media":1996,"template":"","meta":[],"product_cat":[93],"product_tag":[],"_links":{"self":[{"href":"https:\/\/threestarcomposite.com\/ar\/wp-json\/wp\/v2\/product\/1990"}],"collection":[{"href":"https:\/\/threestarcomposite.com\/ar\/wp-json\/wp\/v2\/product"}],"about":[{"href":"https:\/\/threestarcomposite.com\/ar\/wp-json\/wp\/v2\/types\/product"}],"wp:featuredmedia":[{"embeddable":true,"href":"https:\/\/threestarcomposite.com\/ar\/wp-json\/wp\/v2\/media\/1996"}],"wp:attachment":[{"href":"https:\/\/threestarcomposite.com\/ar\/wp-json\/wp\/v2\/media?parent=1990"}],"wp:term":[{"taxonomy":"product_cat","embeddable":true,"href":"https:\/\/threestarcomposite.com\/ar\/wp-json\/wp\/v2\/product_cat?post=1990"},{"taxonomy":"product_tag","embeddable":true,"href":"https:\/\/threestarcomposite.com\/ar\/wp-json\/wp\/v2\/product_tag?post=1990"}],"curies":[{"name":"wp","href":"https:\/\/api.w.org\/{rel}","templated":true}]}}