{"id":2201,"date":"2020-12-06T14:20:15","date_gmt":"2020-12-06T11:20:15","guid":{"rendered":"https:\/\/threestarcomposite.com\/?post_type=product&#038;p=2201"},"modified":"2023-06-09T23:54:55","modified_gmt":"2023-06-09T20:54:55","slug":"paslanmaz-celik-izgara-8x50-cm","status":"publish","type":"product","link":"https:\/\/threestarcomposite.com\/ar\/paslanmaz-celik-izgara-8x50-cm\/","title":{"rendered":"Paslanmaz \u00c7elik Izgara 8\u00d750 cm"},"content":{"rendered":"<div class=\"row\"  id=\"row-1381673206\">\n\n\t<div id=\"col-770698238\" class=\"col small-12 large-12\"  >\n\t\t<div class=\"col-inner\"  >\n\t\t\t\n\t\t\t\n<div class=\"container section-title-container\" ><h3 class=\"section-title section-title-normal\"><b><\/b><span class=\"section-title-main\" style=\"font-size:85%;color:rgb(181, 0, 23);\">Teknik detaylar<\/span><b><\/b><\/h3><\/div>\n<table class=\"shop_attributes\">\n<tbody>\n<tr>\n<th><span style=\"vertical-align: inherit;\">\u00dcR\u00dcN KODU<\/span><\/th>\n<td><span style=\"vertical-align: inherit;\">TRS-801<\/span><\/td>\n<\/tr>\n<tr>\n<th><span style=\"vertical-align: inherit;\">\u00d6L\u00c7\u00dc<\/span><\/th>\n<td><span style=\"vertical-align: inherit;\">8 x 50 cm<\/span><\/td>\n<\/tr>\n<\/tbody>\n<\/table>\n\t\t<\/div>\n\t\t\t<\/div>\n\n\t\n\n\t<div id=\"col-105644626\" class=\"col medium-6 small-12 large-6\"  >\n\t\t<div class=\"col-inner\"  >\n\t\t\t\n\t\t\t\n<div class=\"container section-title-container\" ><h3 class=\"section-title section-title-normal\"><b><\/b><span class=\"section-title-main\" style=\"font-size:85%;color:rgb(181, 0, 23);\">\u00d6zellikleri<\/span><b><\/b><\/h3><\/div>\n<ul>\n<li><span style=\"vertical-align: inherit;\">\u00dcr\u00fcnlerimiz 304 kalite krom paslanmazdan \u00fcretilmektedir.<\/span><\/li>\n<\/ul>\n\t\t<\/div>\n\t\t\t<\/div>\n\n\t\n<\/div>\n<div class=\"row row-collapse row-full-width\"  id=\"row-1125740469\">\n\n\t<div id=\"col-1182256917\" class=\"col small-12 large-12\"  >\n\t\t<div class=\"col-inner\"  >\n\t\t\t\n\t\t\t\n<div class=\"accordion\" rel=\"\">\n<div class=\"accordion-item\"><a href=\"#\" class=\"accordion-title plain\"><button class=\"toggle\"><i class=\"icon-angle-down\"><\/i><\/button><span>TEKL\u0130F AL<\/span><\/a><div class=\"accordion-inner\">\n<div id=\"quform-fe7c82\" class=\"quform quform-1 quform-theme-light quform-rtl quform-support-page-caching\"><form id=\"quform-form-fe7c82\" class=\"quform-form quform-form-1\" action=\"\/ar\/wp-json\/wp\/v2\/product\/2201#quform-fe7c82\" method=\"post\" enctype=\"multipart\/form-data\" novalidate=\"novalidate\" data-options=\"{&quot;id&quot;:1,&quot;uniqueId&quot;:&quot;fe7c82&quot;,&quot;theme&quot;:&quot;light&quot;,&quot;ajax&quot;:true,&quot;logic&quot;:{&quot;logic&quot;:[],&quot;dependents&quot;:[],&quot;elementIds&quot;:[],&quot;dependentElementIds&quot;:[],&quot;animate&quot;:true},&quot;currentPageId&quot;:1,&quot;errorsIcon&quot;:&quot;&quot;,&quot;updateFancybox&quot;:true,&quot;hasPages&quot;:false,&quot;pages&quot;:[1],&quot;pageProgressType&quot;:&quot;tabs&quot;,&quot;tooltipsEnabled&quot;:true,&quot;tooltipClasses&quot;:&quot;qtip-quform-dark qtip-shadow&quot;,&quot;tooltipMy&quot;:&quot;left center&quot;,&quot;tooltipAt&quot;:&quot;right center&quot;,&quot;scrollOffset&quot;:-50,&quot;scrollSpeed&quot;:800}\"><button class=\"quform-default-submit\" name=\"quform_submit\" type=\"submit\" value=\"submit\"><\/button><div class=\"quform-form-inner quform-form-inner-1\"><input type=\"hidden\" name=\"quform_form_id\" value=\"1\" \/><input type=\"hidden\" name=\"quform_form_uid\" value=\"fe7c82\" \/><input type=\"hidden\" name=\"quform_count\" value=\"1\" \/><input type=\"hidden\" name=\"form_url\" value=\"https:\/\/threestarcomposite.com\/ar\/wp-json\/wp\/v2\/product\/2201\" \/><input type=\"hidden\" name=\"referring_url\" value=\"\" \/><input type=\"hidden\" name=\"post_id\" value=\"\" \/><input type=\"hidden\" name=\"post_title\" value=\"\" \/><input type=\"hidden\" name=\"quform_current_page_id\" value=\"1\" \/><input type=\"hidden\" name=\"quform_csrf_token\" value=\"tuXREtaw2oCvAVwdvcQhXrc8eD1stEZEZQxAggjd\" \/><div class=\"quform-elements quform-elements-1 quform-cf quform-responsive-elements-phone-portrait\"><div class=\"quform-element quform-element-page quform-page-1 quform-page-1_1 quform-cf quform-group-style-plain quform-first-page quform-last-page quform-current-page\"><div class=\"quform-child-elements\"><div class=\"quform-element quform-element-row quform-element-row-1_40 quform-2-columns quform-element-row-size-fixed quform-responsive-columns-phone-portrait\"><div class=\"quform-element quform-element-column quform-element-1_41\"><div class=\"quform-element quform-element-text quform-element-1_45 quform-cf quform-element-optional\"><div class=\"quform-spacer\"><div class=\"quform-label quform-label-1_45\"><label class=\"quform-label-text\" for=\"quform_1_45_fe7c82\">Yetkili Ki\u015fi<\/label><\/div><div class=\"quform-inner quform-inner-text quform-inner-1_45\"><div class=\"quform-input quform-input-text quform-input-1_45 quform-cf\"><input type=\"text\" id=\"quform_1_45_fe7c82\" name=\"quform_1_45\" class=\"quform-field quform-field-text quform-field-1_45\" \/><\/div><\/div><\/div><\/div><\/div><div class=\"quform-element quform-element-column quform-element-1_43\"><div class=\"quform-element quform-element-text quform-element-1_46 quform-cf quform-element-optional\"><div class=\"quform-spacer\"><div class=\"quform-label quform-label-1_46\"><label class=\"quform-label-text\" for=\"quform_1_46_fe7c82\">Firma Unvan\u0131<\/label><\/div><div class=\"quform-inner quform-inner-text quform-inner-1_46\"><div class=\"quform-input quform-input-text quform-input-1_46 quform-cf\"><input type=\"text\" id=\"quform_1_46_fe7c82\" name=\"quform_1_46\" class=\"quform-field quform-field-text quform-field-1_46\" \/><\/div><\/div><\/div><\/div><\/div><\/div><div class=\"quform-element quform-element-row quform-element-row-1_15 quform-2-columns quform-element-row-size-fixed quform-responsive-columns-phone-portrait\"><div class=\"quform-element quform-element-column quform-element-1_16\"><div class=\"quform-element quform-element-email quform-element-1_5 quform-cf quform-element-required\"><div class=\"quform-spacer\"><div class=\"quform-label quform-label-1_5\"><span class=\"quform-label-icon\"><i class=\"fa fa-envelope\"><\/i><\/span><label class=\"quform-label-text\" for=\"quform_1_5_fe7c82\">E-Posta Adresi<span class=\"quform-required\">*<\/span><\/label><\/div><div class=\"quform-inner quform-inner-email quform-inner-1_5\"><div class=\"quform-input quform-input-email quform-input-1_5 quform-cf\"><input type=\"email\" id=\"quform_1_5_fe7c82\" name=\"quform_1_5\" class=\"quform-field quform-field-email quform-field-1_5\" \/><\/div><\/div><\/div><\/div><\/div><div class=\"quform-element quform-element-column quform-element-1_17\"><div class=\"quform-element quform-element-text quform-element-1_7 quform-cf quform-element-required\"><div class=\"quform-spacer\"><div class=\"quform-label quform-label-1_7\"><span class=\"quform-label-icon\"><i class=\"fa fa-phone\"><\/i><\/span><label class=\"quform-label-text\" for=\"quform_1_7_fe7c82\">Telefon<span class=\"quform-required\">*<\/span><\/label><\/div><div class=\"quform-inner quform-inner-text quform-inner-1_7\"><div class=\"quform-input quform-input-text quform-input-1_7 quform-cf\"><input type=\"text\" id=\"quform_1_7_fe7c82\" name=\"quform_1_7\" class=\"quform-field quform-field-text quform-field-1_7\" placeholder=\"0 5xx ... .. ..\" maxlength=\"20\" \/><\/div><\/div><\/div><\/div><\/div><\/div><div class=\"quform-element quform-element-select quform-element-1_51 quform-cf quform-element-optional\"><div class=\"quform-spacer\"><div class=\"quform-label quform-label-1_51\"><label class=\"quform-label-text\" for=\"quform_1_51_fe7c82\">Talep Edilen \u00dcr\u00fcn<\/label><\/div><div class=\"quform-inner quform-inner-select quform-inner-1_51\"><div class=\"quform-input quform-input-select quform-input-1_51 quform-cf\"><select id=\"quform_1_51_fe7c82\" name=\"quform_1_51\" class=\"quform-field quform-field-select quform-field-1_51\"><option value=\"\" selected=\"selected\">\u0627\u062e\u062a\u0631 \u0645\u0646 \u0641\u0636\u0644\u0643<\/option><optgroup label=\"ALTYAPI \u00dcR\u00dcNLER\u0130\"><option value=\"Kompozit R\u00f6gar Kapaklar\u0131\">Kompozit R\u00f6gar Kapaklar\u0131<\/option><option value=\"Sfero D\u00f6k\u00fcm R\u00f6gar Kapaklar\u0131\">Sfero D\u00f6k\u00fcm R\u00f6gar Kapaklar\u0131<\/option><option value=\"Polimer Drenaj Kanallar\u0131\">Polimer Drenaj Kanallar\u0131<\/option><option value=\"Kompozit Drenaj Kanallar\u0131\">Kompozit Drenaj Kanallar\u0131<\/option><option value=\"Kompozit Ya\u011fmur Suyu Izgaralar\u0131\">Kompozit Ya\u011fmur Suyu Izgaralar\u0131<\/option><option value=\"Sfero D\u00f6k\u00fcm Ya\u011fmur Suyu Izgaralar\u0131\">Sfero D\u00f6k\u00fcm Ya\u011fmur Suyu Izgaralar\u0131<\/option><option value=\"Kompozit Ek Odalar\">Kompozit Ek Odalar<\/option><option value=\"Vana Koruma Kutular\u0131\">Vana Koruma Kutular\u0131<\/option><option value=\"Paslanmaz \u00c7elik Izgara\">Paslanmaz \u00c7elik Izgara<\/option><option value=\"S\u0131n\u0131r Elemanlar\u0131\">S\u0131n\u0131r Elemanlar\u0131<\/option><option value=\"A\u011fa\u00e7 Dibi Mazgallar\u0131\">A\u011fa\u00e7 Dibi Mazgallar\u0131<\/option><option value=\"D\u00f6k\u00fcm Oturma Banklar\u0131\">D\u00f6k\u00fcm Oturma Banklar\u0131<\/option><option value=\"Kompozit Oturma Banklar\u0131\">Kompozit Oturma Banklar\u0131<\/option><option value=\"Kompozit Piknik Masas\u0131\">Kompozit Piknik Masas\u0131<\/option><\/optgroup><optgroup label=\"DEM\u0130RYOLU EK\u0130PMANLARI\"><option value=\"Ana G\u00f6vde Ekipmanlar\u0131\">Ana G\u00f6vde Ekipmanlar\u0131<\/option><option value=\"Ray Ba\u011flant\u0131 Sistemleri\">Ray Ba\u011flant\u0131 Sistemleri<\/option><option value=\"Tutma Aparatlar\u0131\">Tutma Aparatlar\u0131<\/option><option value=\"Koltuklar\">Koltuklar<\/option><\/optgroup><optgroup label=\"OTOMOT\u0130V SANAY\u0130\"><option value=\"Basamaklar\">Basamaklar<\/option><option value=\"Tamponlar\">Tamponlar<\/option><option value=\"Fiberglass Ni\u015fasta Tepsileri\">Fiberglass Ni\u015fasta Tepsileri<\/option><\/optgroup><optgroup label=\"SAVUNMA SANAY\u0130\"><option value=\"A\u011eIR S\u0130LAH EK\u0130PMANLARI\">A\u011eIR S\u0130LAH EK\u0130PMANLARI<\/option><option value=\"Ayaklar\">Ayaklar<\/option><option value=\"Kabzeler\">Kabzeler<\/option><option value=\"Ayaklar\">Ayaklar<\/option><option value=\"Dip\u00e7ikler\">Dip\u00e7ikler<\/option><option value=\"BAL\u0130ST\u0130K KORUYUCU S\u0130STEMLER\">BAL\u0130ST\u0130K KORUYUCU S\u0130STEMLER<\/option><option value=\"Kalkanlar\">Kalkanlar<\/option><option value=\"Mi\u011fferler\">Mi\u011fferler<\/option><option value=\"Koruyucu Plakalar\">Koruyucu Plakalar<\/option><option value=\"Koruyucu Yelekler\">Koruyucu Yelekler<\/option><\/optgroup><\/select><\/div><\/div><\/div><\/div><div class=\"quform-element quform-element-text quform-element-1_49 quform-cf quform-element-required\"><div class=\"quform-spacer\"><div class=\"quform-label quform-label-1_49\"><label class=\"quform-label-text\" for=\"quform_1_49_fe7c82\">Talep Edilen Miktar<span class=\"quform-required\">*<\/span><\/label><\/div><div class=\"quform-inner quform-inner-text quform-inner-1_49\"><div class=\"quform-input quform-input-text quform-input-1_49 quform-cf\"><input type=\"text\" id=\"quform_1_49_fe7c82\" name=\"quform_1_49\" class=\"quform-field quform-field-text quform-field-1_49\" \/><\/div><\/div><\/div><\/div><div class=\"quform-element quform-element-submit quform-element-1_2 quform-cf quform-button-style-shine-gradient quform-button-width-small\"><div class=\"quform-button-submit quform-button-submit-default quform-button-submit-1_2 quform-button-icon-right\"><button name=\"quform_submit\" type=\"submit\" class=\"quform-submit\" value=\"submit\"><span class=\"quform-button-text quform-button-submit-text\">G\u00f6nder<\/span><span class=\"quform-button-icon quform-button-submit-icon\"><i class=\"qicon-send\"><\/i><\/span><\/button><\/div><div class=\"quform-loading quform-loading-position-left quform-loading-type-spinner-1\"><div class=\"quform-loading-inner\"><div class=\"quform-loading-spinner\"><div class=\"quform-loading-spinner-inner\"><\/div><\/div><\/div><\/div><\/div><div class=\"quform-element-tree\"><label for=\"quform_1_0_fe7c82\">\u064a\u062c\u0628 \u062a\u0631\u0643 \u0647\u0630\u0627 \u0627\u0644\u062d\u0642\u0644 \u0641\u0627\u0631\u063a\u0627<\/label><input type=\"text\" id=\"quform_1_0_fe7c82\" name=\"quform_1_0\" class=\"quform-field quform-field-tree quform-field-1_0\" tabindex=\"-1\" autocomplete=\"off\" \/><\/div><\/div><\/div><\/div><\/div><\/form><\/div>\n<\/div><\/div>\n<\/div>\n\t\t<\/div>\n\t\t\t<\/div>\n\n\t\n<\/div>\n","protected":false},"excerpt":{"rendered":"","protected":false},"featured_media":2207,"template":"","meta":[],"product_cat":[120,15],"product_tag":[],"_links":{"self":[{"href":"https:\/\/threestarcomposite.com\/ar\/wp-json\/wp\/v2\/product\/2201"}],"collection":[{"href":"https:\/\/threestarcomposite.com\/ar\/wp-json\/wp\/v2\/product"}],"about":[{"href":"https:\/\/threestarcomposite.com\/ar\/wp-json\/wp\/v2\/types\/product"}],"wp:featuredmedia":[{"embeddable":true,"href":"https:\/\/threestarcomposite.com\/ar\/wp-json\/wp\/v2\/media\/2207"}],"wp:attachment":[{"href":"https:\/\/threestarcomposite.com\/ar\/wp-json\/wp\/v2\/media?parent=2201"}],"wp:term":[{"taxonomy":"product_cat","embeddable":true,"href":"https:\/\/threestarcomposite.com\/ar\/wp-json\/wp\/v2\/product_cat?post=2201"},{"taxonomy":"product_tag","embeddable":true,"href":"https:\/\/threestarcomposite.com\/ar\/wp-json\/wp\/v2\/product_tag?post=2201"}],"curies":[{"name":"wp","href":"https:\/\/api.w.org\/{rel}","templated":true}]}}