{"id":172,"date":"2018-10-05T21:45:35","date_gmt":"2018-10-05T18:45:35","guid":{"rendered":"http:\/\/mobianka.com\/threestar\/?page_id=172"},"modified":"2022-10-25T20:52:23","modified_gmt":"2022-10-25T17:52:23","slug":"bize-ulasin","status":"publish","type":"page","link":"https:\/\/threestarcomposite.com\/ru\/bize-ulasin\/","title":{"rendered":"\u0421\u0432\u044f\u0437\u0430\u0442\u044c\u0441\u044f \u0441 \u043d\u0430\u043c\u0438"},"content":{"rendered":"<\/p>\n<div class=\"row row-collapse row-full-width\"  id=\"row-1924808437\">\n\n\t<div id=\"col-907647998\" class=\"col hide-for-small small-12 large-12\"  >\n\t\t<div class=\"col-inner\"  >\n\t\t\t\n\t\t\t\n<p><iframe src=\"https:\/\/www.google.com\/maps\/d\/embed?mid=1CMtN0tGpX3A8_ACaRr_c1baz1AScFbro\" width=\"100%\" height=\"480\"><\/iframe><\/p>\n\t\t<\/div>\n\t\t\n<style>\n#col-907647998 > .col-inner {\n  margin: 0px 0px -23px 0px;\n}\n<\/style>\n\t<\/div>\n\n\t\n<\/div>\n<div class=\"row row-collapse row-full-width\"  id=\"row-802204377\">\n\n\t<div id=\"col-2020431795\" class=\"col show-for-small small-12 large-12\"  >\n\t\t<div class=\"col-inner\"  >\n\t\t\t\n\t\t\t\n<p><iframe src=\"https:\/\/www.google.com\/maps\/d\/embed?mid=1CMtN0tGpX3A8_ACaRr_c1baz1AScFbro\" width=\"100%\" height=\"280\"><\/iframe><\/p>\n\t\t<\/div>\n\t\t\n<style>\n#col-2020431795 > .col-inner {\n  margin: 0px 0px -23px 0px;\n}\n<\/style>\n\t<\/div>\n\n\t\n<\/div>\n<div class=\"row row-collapse row-full-width align-center\"  id=\"row-1580415351\">\n\n\t<div id=\"col-1610018948\" class=\"col small-12 large-12\"  >\n\t\t<div class=\"col-inner\"  >\n\t\t\t\n\t\t\t\n<h2 style=\"text-align: center;\"><strong><span style=\"color: #000080;\">\u043a\u043e\u043d\u0442\u0430\u043a\u0442<\/span><\/strong><\/h2>\n<div class=\"text-center\"><div class=\"is-divider divider clearfix\" style=\"margin-top:0.2em;margin-bottom:0.2em;max-width:45px;height:4px;background-color:rgb(198, 0, 0);\"><\/div><\/div>\n\t\t<\/div>\n\t\t\t<\/div>\n\n\t\n\n<style>\n#row-1580415351 > .col > .col-inner {\n  padding: 26px 0px 0px 0px;\n}\n<\/style>\n<\/div>\n<div class=\"row\"  id=\"row-908408570\">\n\n\t<div id=\"col-1267314895\" class=\"col medium-6 small-12 large-6\"  >\n\t\t<div class=\"col-inner\"  >\n\t\t\t\n\t\t\t\n<div class=\"container section-title-container\" ><h3 class=\"section-title section-title-normal\"><b><\/b><span class=\"section-title-main\" style=\"font-size:96%;color:rgb(155, 0, 0);\">\u041a\u041e\u041d\u0422\u0410\u041a\u0422\u041d\u0410\u042f<\/span><b><\/b><\/h3><\/div>\n<p><span style=\"font-size: 90%;\"><strong>\u0413\u043e\u043b\u043e\u0432\u043d\u043e\u0439 \u043e\u0444\u0438\u0441 :<\/strong> Merdivenk\u00f6y Mah. Bora Sokak Nida Kule No:1 Kat 16 Kad\u0131k\u00f6y \/ \u0130stanbul<\/span><\/p>\n<p><span style=\"font-size: 90%;\"><strong>\u0437\u0430\u0432\u043e\u0434 : <\/strong>\u00c7erke\u015fli Mah, Tav\u015fanc\u0131l Sok. No :72 Dilovas\u0131 \/ Kocaeli<\/span><\/p>\n<p><span style=\"font-size: 90%;\"><strong>\u043d\u043e\u043c\u0435\u0440 \u0442\u0435\u043b\u0435\u0444\u043e\u043d\u0430 :<\/strong> <a href=\"tel:+902122554222\"> +90 (212) 255 4 222\u00a0<\/a><\/span><\/p>\n<p><span style=\"font-size: 90%;\"><strong>\u0410\u0434\u0440\u0435\u0441 \u044d\u043b\u0435\u043a\u0442\u0440\u043e\u043d\u043d\u043e\u0439 \u043f\u043e\u0447\u0442\u044b :<\/strong> <a href=\"mailto:info@threestarcomposite.com?Subject=Web Site \u0130leti\u015fim\" target=\"_top\" rel=\"noopener noreferrer\">info@threestarcomposite.com<\/a><\/span><\/p>\n\t\t<\/div>\n\t\t\t<\/div>\n\n\t\n\n\t<div id=\"col-203265368\" class=\"col medium-6 small-12 large-6\"  >\n\t\t<div class=\"col-inner text-left\"  >\n\t\t\t\n\t\t\t\n<div class=\"container section-title-container\" ><h3 class=\"section-title section-title-normal\"><b><\/b><span class=\"section-title-main\" style=\"color:rgb(155, 0, 0);\">\u0421\u0432\u044f\u0437\u0430\u0442\u044c\u0441\u044f \u0441 \u043d\u0430\u043c\u0438<\/span><b><\/b><\/h3><\/div>\n<div id=\"quform-a4d204\" class=\"quform quform-15 quform-theme-light quform-support-page-caching\"><form id=\"quform-form-a4d204\" class=\"quform-form quform-form-15\" action=\"\/ru\/wp-json\/wp\/v2\/pages\/172#quform-a4d204\" method=\"post\" enctype=\"multipart\/form-data\" novalidate=\"novalidate\" data-options=\"{&quot;id&quot;:15,&quot;uniqueId&quot;:&quot;a4d204&quot;,&quot;theme&quot;:&quot;light&quot;,&quot;ajax&quot;:true,&quot;logic&quot;:{&quot;logic&quot;:[],&quot;dependents&quot;:[],&quot;elementIds&quot;:[],&quot;dependentElementIds&quot;:[],&quot;animate&quot;:true},&quot;currentPageId&quot;:1,&quot;errorsIcon&quot;:&quot;&quot;,&quot;updateFancybox&quot;:true,&quot;hasPages&quot;:false,&quot;pages&quot;:[1],&quot;pageProgressType&quot;:&quot;numbers&quot;,&quot;tooltipsEnabled&quot;:true,&quot;tooltipClasses&quot;:&quot;qtip-quform-dark qtip-shadow&quot;,&quot;tooltipMy&quot;:&quot;left center&quot;,&quot;tooltipAt&quot;:&quot;right center&quot;,&quot;scrollOffset&quot;:-50,&quot;scrollSpeed&quot;:800}\"><button class=\"quform-default-submit\" name=\"quform_submit\" type=\"submit\" value=\"submit\"><\/button><div class=\"quform-form-inner quform-form-inner-15\"><input type=\"hidden\" name=\"quform_form_id\" value=\"15\" \/><input type=\"hidden\" name=\"quform_form_uid\" value=\"a4d204\" \/><input type=\"hidden\" name=\"quform_count\" value=\"1\" \/><input type=\"hidden\" name=\"form_url\" value=\"https:\/\/threestarcomposite.com\/ru\/wp-json\/wp\/v2\/pages\/172\" \/><input type=\"hidden\" name=\"referring_url\" value=\"\" \/><input type=\"hidden\" name=\"post_id\" value=\"\" \/><input type=\"hidden\" name=\"post_title\" value=\"\" \/><input type=\"hidden\" name=\"quform_current_page_id\" value=\"1\" \/><input type=\"hidden\" name=\"quform_csrf_token\" value=\"hLkPTDrLXO4CusqC8ZGj2U5UPQOpANLoMU8QSh8l\" \/><div class=\"quform-elements quform-elements-15 quform-cf quform-responsive-elements-phone-landscape\"><div class=\"quform-element quform-element-page quform-page-1 quform-page-15_1 quform-cf quform-group-style-plain quform-first-page quform-last-page quform-current-page\"><div class=\"quform-child-elements\"><div class=\"quform-element quform-element-text quform-element-15_3 quform-cf quform-labels-left quform-element-optional\"><div class=\"quform-spacer\"><div class=\"quform-label quform-label-15_3\"><label class=\"quform-label-text\" for=\"quform_15_3_a4d204\">\u0442\u0432\u043e\u0435 \u0438\u043c\u044f<\/label><\/div><div class=\"quform-inner quform-inner-text quform-inner-15_3\"><div class=\"quform-input quform-input-text quform-input-15_3 quform-cf\"><input type=\"text\" id=\"quform_15_3_a4d204\" name=\"quform_15_3\" class=\"quform-field quform-field-text quform-field-15_3\" \/><\/div><\/div><\/div><\/div><div class=\"quform-element quform-element-text quform-element-15_4 quform-cf quform-labels-left quform-element-optional\"><div class=\"quform-spacer\"><div class=\"quform-label quform-label-15_4\"><label class=\"quform-label-text\" for=\"quform_15_4_a4d204\">\u041d\u0430\u0437\u0432\u0430\u043d\u0438\u0435 \u043a\u043e\u043c\u043f\u0430\u043d\u0438\u0438<\/label><\/div><div class=\"quform-inner quform-inner-text quform-inner-15_4\"><div class=\"quform-input quform-input-text quform-input-15_4 quform-cf\"><input type=\"text\" id=\"quform_15_4_a4d204\" name=\"quform_15_4\" class=\"quform-field quform-field-text quform-field-15_4\" \/><\/div><\/div><\/div><\/div><div class=\"quform-element quform-element-text quform-element-15_5 quform-cf quform-labels-left quform-element-required\"><div class=\"quform-spacer\"><div class=\"quform-label quform-label-15_5\"><label class=\"quform-label-text\" for=\"quform_15_5_a4d204\">\u0442\u0435\u043b\u0435\u0444\u043e\u043d<span class=\"quform-required\">*<\/span><\/label><\/div><div class=\"quform-inner quform-inner-text quform-inner-15_5\"><div class=\"quform-input quform-input-text quform-input-15_5 quform-cf\"><input type=\"text\" id=\"quform_15_5_a4d204\" name=\"quform_15_5\" class=\"quform-field quform-field-text quform-field-15_5\" placeholder=\"0 5xx\" maxlength=\"11\" \/><\/div><\/div><\/div><\/div><div class=\"quform-element quform-element-email quform-element-15_6 quform-cf quform-labels-left quform-element-required\"><div class=\"quform-spacer\"><div class=\"quform-label quform-label-15_6\"><label class=\"quform-label-text\" for=\"quform_15_6_a4d204\">\u0410\u0434\u0440\u0435\u0441 \u044d\u043b\u0435\u043a\u0442\u0440\u043e\u043d\u043d\u043e\u0439 \u043f\u043e\u0447\u0442\u044b<span class=\"quform-required\">*<\/span><\/label><\/div><div class=\"quform-inner quform-inner-email quform-inner-15_6\"><div class=\"quform-input quform-input-email quform-input-15_6 quform-cf\"><input type=\"email\" id=\"quform_15_6_a4d204\" name=\"quform_15_6\" class=\"quform-field quform-field-email quform-field-15_6\" \/><\/div><\/div><\/div><\/div><div class=\"quform-element quform-element-textarea quform-element-15_7 quform-cf quform-labels-left quform-element-optional\"><div class=\"quform-spacer\"><div class=\"quform-label quform-label-15_7\"><label class=\"quform-label-text\" for=\"quform_15_7_a4d204\">\u0432\u0430\u0448\u0435 \u0441\u043e\u043e\u0431\u0449\u0435\u043d\u0438\u0435<\/label><\/div><div class=\"quform-inner quform-inner-textarea quform-inner-15_7\"><div class=\"quform-input quform-input-textarea quform-input-15_7 quform-cf\"><textarea id=\"quform_15_7_a4d204\" name=\"quform_15_7\" class=\"quform-field quform-field-textarea quform-field-15_7\"><\/textarea><\/div><\/div><\/div><\/div><div class=\"quform-element quform-element-submit quform-element-15_2 quform-cf quform-button-style-theme\"><div class=\"quform-button-submit quform-button-submit-default quform-button-submit-15_2\"><button name=\"quform_submit\" type=\"submit\" class=\"quform-submit\" value=\"submit\"><span class=\"quform-button-text quform-button-submit-text\">\u043f\u043e\u0441\u043b\u0430\u0442\u044c<\/span><\/button><\/div><div class=\"quform-loading quform-loading-position-left quform-loading-type-spinner-1\"><div class=\"quform-loading-inner\"><div class=\"quform-loading-spinner\"><div class=\"quform-loading-spinner-inner\"><\/div><\/div><\/div><\/div><\/div><div class=\"quform-element-tree\"><label for=\"quform_15_0_a4d204\">\u042d\u0442\u043e \u043f\u043e\u043b\u0435 \u0434\u043e\u043b\u0436\u043d\u043e \u0431\u044b\u0442\u044c \u043f\u0443\u0441\u0442\u044b\u043c<\/label><input type=\"text\" id=\"quform_15_0_a4d204\" name=\"quform_15_0\" class=\"quform-field quform-field-tree quform-field-15_0\" tabindex=\"-1\" autocomplete=\"off\" \/><\/div><\/div><\/div><\/div><\/div><\/form><\/div>\n\t\t<\/div>\n\t\t\t<\/div>\n\n\t\n\n<style>\n#row-908408570 > .col > .col-inner {\n  padding: 41px 0px 0px 0px;\n}\n<\/style>\n<\/div>\n<p>&nbsp;<\/p>\n","protected":false},"excerpt":{"rendered":"<p>&nbsp;<\/p>\n","protected":false},"author":1,"featured_media":0,"parent":0,"menu_order":0,"comment_status":"closed","ping_status":"closed","template":"","meta":[],"_links":{"self":[{"href":"https:\/\/threestarcomposite.com\/ru\/wp-json\/wp\/v2\/pages\/172"}],"collection":[{"href":"https:\/\/threestarcomposite.com\/ru\/wp-json\/wp\/v2\/pages"}],"about":[{"href":"https:\/\/threestarcomposite.com\/ru\/wp-json\/wp\/v2\/types\/page"}],"author":[{"embeddable":true,"href":"https:\/\/threestarcomposite.com\/ru\/wp-json\/wp\/v2\/users\/1"}],"replies":[{"embeddable":true,"href":"https:\/\/threestarcomposite.com\/ru\/wp-json\/wp\/v2\/comments?post=172"}],"version-history":[{"count":2,"href":"https:\/\/threestarcomposite.com\/ru\/wp-json\/wp\/v2\/pages\/172\/revisions"}],"predecessor-version":[{"id":2615,"href":"https:\/\/threestarcomposite.com\/ru\/wp-json\/wp\/v2\/pages\/172\/revisions\/2615"}],"wp:attachment":[{"href":"https:\/\/threestarcomposite.com\/ru\/wp-json\/wp\/v2\/media?parent=172"}],"curies":[{"name":"wp","href":"https:\/\/api.w.org\/{rel}","templated":true}]}}