{"id":2549,"date":"2021-12-23T20:44:36","date_gmt":"2021-12-23T17:44:36","guid":{"rendered":"https:\/\/threestarcomposite.com\/?page_id=2549"},"modified":"2022-01-04T23:57:59","modified_gmt":"2022-01-04T20:57:59","slug":"konya-kompozit-rogar-kapagi","status":"publish","type":"page","link":"https:\/\/threestarcomposite.com\/ru\/konya-kompozit-rogar-kapagi\/","title":{"rendered":"Konya Kompozit R\u00f6gar Kapa\u011f\u0131"},"content":{"rendered":"<div class=\"row align-center\"  id=\"row-1625560584\">\n\n\t<div id=\"col-903835369\" class=\"col medium-8 small-12 large-8\"  >\n\t\t<div class=\"col-inner\"  >\n\t\t\t\n\t\t\t\n<div class=\"container section-title-container\" style=\"margin-top:14px;margin-bottom:-5px;\"><h2 class=\"section-title section-title-center\"><b><\/b><span class=\"section-title-main\" style=\"font-size:96%;\">Konya kompozit r\u00f6gar kapa\u011f\u0131<\/span><b><\/b><\/h2><\/div>\n<p><a href=\"https:\/\/threestarcomposite.com\/rogar-kapagi\/\"><strong>Konya kompozit r\u00f6gar kapa\u011f\u0131 <\/strong><\/a>uygulamas\u0131 Mevlana\u2019n\u0131n \u015fehri olan bu kente \u00f6zel tasar\u0131mlarla\u00a0 <a href=\"https:\/\/threestarcomposite.com\/\"><strong>Three Star Kompozit<\/strong><\/a>\u00a0taraf\u0131ndan \u00fcretilmektedir. Medeniyetin ba\u015flang\u0131c\u0131 olan kentlerden biri olarak Konya, \u00fclkemizin y\u00fcz\u00f6l\u00e7\u00fcm\u00fc bak\u0131m\u0131ndan en geni\u015f topraklar\u0131d\u0131r. Ayr\u0131ca deprem riski en az olan ilimizdir ve d\u00fcz ovalar\u0131yla bilinmektedir. Son derece kaliteli olan ve ihtiya\u00e7 hallinde g\u00fcvenle tercih edilen r\u00f6gar kapaklar\u0131m\u0131z toplu konutlar ve \u015fehir meydanlar\u0131nda rengarenk se\u00e7enekleriyle dikkat \u00e7ekmektedir.<\/p>\n<p><strong>Konya kompozit r\u00f6gar kapa\u011f\u0131 <\/strong>\u00fcreticisi olan firmam\u0131z ihtiyac\u0131n\u0131z olan her durumda kapak i\u015flemleri i\u00e7in hizmetinizdedir. Zeminde, elektrik, s\u0131hhi tesisat, s\u0131hhi tesisat, telekom\u00fcnikasyon vb. sistemleri uygulamak i\u00e7in \u00e7ok ama\u00e7l\u0131 kapak ar\u0131yorsan\u0131z Konya\u2019ya en uygun modeli tercih edebilirsiniz.\u00a0 Binalar\u0131n i\u00e7inde veya d\u0131\u015f\u0131nda, nemli ve agresif ortamlarda kullan\u0131labilir. Jant ve lastik aras\u0131ndaki ba\u011flant\u0131, s\u0131v\u0131lar\u0131n i\u00e7eri girmesini engeller ve hafifli\u011fi kolay kullan\u0131m\u0131 garanti eden modellerimizi inceleyebilirsiniz.<\/p>\n<h2><span style=\"font-size: 90%;\">Konya Kompozit R\u00f6gar Kapa\u011f\u0131 \u00c7e\u015fitleri<\/span><\/h2>\n<p><strong>Konya kompozit r<\/strong><strong>\u00f6<\/strong><strong>gar kapa\u011f\u0131<\/strong> \u00e7e\u015fitlerini kullanarak ihtiyac\u0131n\u0131z olan \u00fcr\u00fcnlere k\u0131sa s\u00fcrede ula\u015fabilirsiniz. Kapak olarak tercih edece\u011finiz bir\u00e7ok \u00fcr\u00fcn gibi bu t\u00fcr \u00fcr\u00fcnlerde de \u00e7e\u015fitli modelleri inceleyebilirsiniz. Kapaklar\u0131 dekoratif ama\u00e7l\u0131 kullanabilece\u011finiz gibi s\u0131z\u0131nt\u0131lar\u0131 \u00f6nlemek amac\u0131yla da kullanabilirsiniz. Bu y\u00fczden uygun <a href=\"https:\/\/threestarcomposite.com\/rogar-kapagi\/\"><strong>kompozit r<\/strong><strong>\u00f6<\/strong><\/a><strong><a href=\"https:\/\/threestarcomposite.com\/rogar-kapagi\/\">gar kapa\u011f\u0131 fiyatlar\u0131<\/a> <\/strong>uygulama alan\u0131na g\u00f6re de\u011fi\u015fiklik g\u00f6sterecektir. Bu \u00fcr\u00fcnler hakk\u0131nda bilgi almak istedi\u011finizde farkl\u0131 kapak \u00e7e\u015fitlerini de\u011fi\u015fik renklerle kombinleyebilirsiniz. A\u011fa\u00e7 kenarlar\u0131na mazgallar yapt\u0131rmak ya da oturum banklar\u0131 olu\u015fturmak istedi\u011finizde de uzmanlar\u0131m\u0131zdan destek alabilirsiniz.<\/p>\n<h3><span style=\"font-size: 90%;\"><a href=\"https:\/\/www.konya.bel.tr\/\" target=\"_blank\" rel=\"noopener\">Konya<\/a>\u2019da Kompozit R\u00f6gar Kapa\u011f\u0131 \u00c7\u00f6z\u00fcmleri\u00a0<\/span><\/h3>\n<p><img loading=\"lazy\" class=\"alignnone wp-image-1758 size-full\" src=\"https:\/\/threestarcomposite.com\/wp-content\/uploads\/2019\/06\/mafsalli-kompozit-rogar-kapagi-d400.jpg\" alt=\"konya kompozit r\u00f6gar kapa\u011f\u0131\" width=\"300\" height=\"300\" srcset=\"https:\/\/threestarcomposite.com\/wp-content\/uploads\/2019\/06\/mafsalli-kompozit-rogar-kapagi-d400.jpg 300w, https:\/\/threestarcomposite.com\/wp-content\/uploads\/2019\/06\/mafsalli-kompozit-rogar-kapagi-d400-100x100.jpg 100w, https:\/\/threestarcomposite.com\/wp-content\/uploads\/2019\/06\/mafsalli-kompozit-rogar-kapagi-d400-247x247.jpg 247w, https:\/\/threestarcomposite.com\/wp-content\/uploads\/2019\/06\/mafsalli-kompozit-rogar-kapagi-d400-280x280.jpg 280w\" sizes=\"(max-width: 300px) 100vw, 300px\" \/><\/p>\n<p>\u0130klim \u015fartlar\u0131 ve alt yap\u0131 \u00f6zellikleri s\u00f6z konusu oldu\u011funda\u00a0 <a href=\"https:\/\/threestarcomposite.com\/rogar-kapagi\/\"><strong>kompozit r<\/strong><strong>\u00f6<\/strong><strong>gar kapa\u011f\u0131 firmalar\u0131<\/strong><\/a> da fark yaratmaktad\u0131r. \u00d6zellikle kapaklar\u0131n tercih edildi\u011fi bir\u00e7ok alanda uygun bir \u00e7\u00f6z\u00fcm olan bu kapaklar\u0131n tercih edilmesiyle kompozit \u00fcr\u00fcnleri g\u00fcvenle tercih etmeniz m\u00fcmk\u00fcn hale gelecektir. Farkl\u0131 kapak \u00e7e\u015fitlerini kullanaca\u011f\u0131n\u0131z r\u00f6garlar i\u00e7in hem dekoratif hem de i\u015flevsel ama\u00e7l\u0131 kullan\u0131mlar\u0131 sa\u011flanabilirsiniz.<\/p>\n<p>Kompozit r\u00f6gar kapa\u011f\u0131n\u0131n faydalar\u0131 hafiflik, h\u0131rs\u0131zl\u0131\u011f\u0131 \u00f6nlemek ve elektrik yal\u0131t\u0131m\u0131 konusunda \u00e7ok say\u0131da \u00e7\u00f6z\u00fcm sunabilir. \u00c7\u00fcnk\u00fc d\u0131\u015f alanlarda ortak kullan\u0131lan mekanlardaki g\u00f6r\u00fcn\u00fcm de \u00f6nemlidir. <strong>Konya kompozit r\u00f6gar kapa\u011f\u0131 <\/strong>kullanarak \u00fcretilen y\u00fcksek performansl\u0131 bir\u00a0r\u00f6gar kapa\u011f\u0131na sahip oldu\u011funuzdan emin olabilirsiniz.<\/p>\n\t\t<\/div>\n\t\t\t<\/div>\n\n\t\n<\/div>\n<p>&nbsp;<\/p>\n","protected":false},"excerpt":{"rendered":"<p>&nbsp;<\/p>\n","protected":false},"author":1,"featured_media":0,"parent":0,"menu_order":0,"comment_status":"closed","ping_status":"closed","template":"","meta":[],"_links":{"self":[{"href":"https:\/\/threestarcomposite.com\/ru\/wp-json\/wp\/v2\/pages\/2549"}],"collection":[{"href":"https:\/\/threestarcomposite.com\/ru\/wp-json\/wp\/v2\/pages"}],"about":[{"href":"https:\/\/threestarcomposite.com\/ru\/wp-json\/wp\/v2\/types\/page"}],"author":[{"embeddable":true,"href":"https:\/\/threestarcomposite.com\/ru\/wp-json\/wp\/v2\/users\/1"}],"replies":[{"embeddable":true,"href":"https:\/\/threestarcomposite.com\/ru\/wp-json\/wp\/v2\/comments?post=2549"}],"version-history":[{"count":5,"href":"https:\/\/threestarcomposite.com\/ru\/wp-json\/wp\/v2\/pages\/2549\/revisions"}],"predecessor-version":[{"id":2586,"href":"https:\/\/threestarcomposite.com\/ru\/wp-json\/wp\/v2\/pages\/2549\/revisions\/2586"}],"wp:attachment":[{"href":"https:\/\/threestarcomposite.com\/ru\/wp-json\/wp\/v2\/media?parent=2549"}],"curies":[{"name":"wp","href":"https:\/\/api.w.org\/{rel}","templated":true}]}}