{"id":2557,"date":"2021-12-23T20:51:00","date_gmt":"2021-12-23T17:51:00","guid":{"rendered":"https:\/\/threestarcomposite.com\/?page_id=2557"},"modified":"2022-01-04T23:59:13","modified_gmt":"2022-01-04T20:59:13","slug":"samsun-kompozit-rogar-kapagi","status":"publish","type":"page","link":"https:\/\/threestarcomposite.com\/ru\/samsun-kompozit-rogar-kapagi\/","title":{"rendered":"Samsun Kompozit R\u00f6gar Kapa\u011f\u0131"},"content":{"rendered":"<div class=\"row align-center\"  id=\"row-1284315098\">\n\n\t<div id=\"col-1722357073\" class=\"col medium-8 small-12 large-8\"  >\n\t\t<div class=\"col-inner\"  >\n\t\t\t\n\t\t\t\n<div class=\"container section-title-container\" style=\"margin-top:14px;margin-bottom:-5px;\"><h1 class=\"section-title section-title-center\"><b><\/b><span class=\"section-title-main\" style=\"font-size:85%;\">Samsun kompozit r\u00f6gar kapa\u011f\u0131<\/span><b><\/b><\/h1><\/div>\n<p><a href=\"https:\/\/threestarcomposite.com\/rogar-kapagi\/\"><strong>Samsun kompozit r\u00f6gar kapa\u011f\u0131 <\/strong><\/a>uygulamas\u0131 i\u00e7in <a href=\"https:\/\/threestarcomposite.com\/\"><strong>Three Star Kompozit<\/strong><\/a>\u00a0hizmetinizdedir. R\u00f6gar kapa\u011f\u0131, sfeto d\u00f6k\u00fcm kapaklar, kompozit drenaj kanallar\u0131, ya\u011fmur suyu \u0131zgaralar\u0131, ek odalar, vana koruma kutular\u0131, paslanmaz \u00e7elik \u0131zgaralar, s\u0131n\u0131r elemanlar\u0131, a\u011fa\u00e7 dibi mazgallar\u0131, piknik masalar\u0131 gibi \u00e7ok say\u0131da \u00fcr\u00fcn \u00e7e\u015fidini Samsun\u2019da uyguluyoruz. 19 May\u0131s ruhunun ba\u015flad\u0131\u011f\u0131 bu tarihi kent, denize k\u0131y\u0131s\u0131 olan bir kenttir. Bu kenti gezmeye gelenler ve Samsun yerlileri \u015f\u0131k r\u00f6gar kapaklar\u0131n\u0131 g\u00f6recektir. R\u00f6gar kapaklar\u0131n\u0131n yan\u0131 s\u0131ra bir\u00e7ok d\u0131\u015f mekan \u00fcr\u00fcn\u00fc tercih ederken \u015fehir dokular\u0131n\u0131 da en iyi \u015fekilde tamamlayacak tasar\u0131mlar\u0131 ke\u015ffedebilirsiniz. Samsun\u2019a \u00f6zel d\u00f6k\u00fcm \u00f6zelle\u015ftirme se\u00e7enekleriyle kapa\u011fa istenen bask\u0131lar uygulanabilir. Bu bask\u0131larla \u015fehrin simgelerini \u00f6l\u00fcms\u00fcz hale getirebilirsiniz.<\/p>\n<h2><span style=\"font-size: 90%;\">Samsun Kompozit R\u00f6gar Kapa\u011f\u0131 \u00c7e\u015fitleri<\/span><\/h2>\n<p><a href=\"https:\/\/threestarcomposite.com\/rogar-kapagi\/\"><strong>Samsun kompozit r<\/strong><strong>\u00f6<\/strong><strong>gar kapa\u011f\u0131<\/strong><\/a> piyasada hali haz\u0131rda bulunan d\u00f6kme demir veya betondan yap\u0131lm\u0131\u015f r\u00f6gar kapaklar\u0131na k\u0131yasla say\u0131s\u0131z avantaja sahiptir:<\/p>\n<ul>\n<li>Hafif ve kullan\u0131m\u0131 kolay<\/li>\n<li>Korozyon ve kimyasal diren\u00e7<\/li>\n<li>Elektromanyetik alanlara ge\u00e7irgenlik<\/li>\n<li>Elektrik yal\u0131t\u0131m\u0131<\/li>\n<li>\u00c7evreye sayg\u0131<\/li>\n<\/ul>\n<p>Kullan\u0131lan hammaddenin \u00f6zellikleri sayesinde, kompozit malzemede kapak ve \u00e7er\u00e7eve kullan\u0131m\u0131, \u00f6nemlidir. D\u00f6kme demir sistemlerin tipik \u00f6zelli\u011fi olan ara\u00e7 veya insanlar\u0131n ge\u00e7i\u015findeki g\u00fcr\u00fclt\u00fcn\u00fcn ve kapak ile \u00e7er\u00e7eve aras\u0131ndaki ba\u011flant\u0131n\u0131n kusurlu olmas\u0131 veya kurulum hatalar\u0131na neden olur. Bu da t\u00fcm sorunlar\u0131 artt\u0131r\u0131r. <strong>Samsun kompozit r\u00f6gar kapa\u011f\u0131 <\/strong>\u00fcreticisi olan firmam\u0131z g\u00fcvenle tercih edilerek ihtiya\u00e7lar\u0131n\u0131z\u0131n kar\u015f\u0131lanmas\u0131n\u0131 sa\u011flayacakt\u0131r. Genel olarak tercih edilen bu uygulamalar <a href=\"https:\/\/threestarcomposite.com\/rogar-kapagi\/\"><strong>kompozit r<\/strong><strong>\u00f6<\/strong><\/a><strong><a href=\"https:\/\/threestarcomposite.com\/rogar-kapagi\/\">gar kapa\u011f\u0131 fiyatlar\u0131<\/a> <\/strong>konusunda da avantaj sa\u011flamaktad\u0131r.<\/p>\n<h3><span style=\"font-size: 85%;\"><a href=\"https:\/\/www.samsun.bel.tr\/\" target=\"_blank\" rel=\"noopener\">Samsun<\/a>\u2019da Kompozit R\u00f6gar Kapa\u011f\u0131 \u00c7\u00f6z\u00fcmleri\u00a0<\/span><\/h3>\n<p><img loading=\"lazy\" class=\"alignnone wp-image-1755 size-full\" src=\"https:\/\/threestarcomposite.com\/wp-content\/uploads\/2019\/06\/Kompozit-mafsalli-rogar-kapagi-d400.jpg\" alt=\"samsun kompozit r\u00f6gar kapa\u011f\u0131\" width=\"300\" height=\"300\" srcset=\"https:\/\/threestarcomposite.com\/wp-content\/uploads\/2019\/06\/Kompozit-mafsalli-rogar-kapagi-d400.jpg 300w, https:\/\/threestarcomposite.com\/wp-content\/uploads\/2019\/06\/Kompozit-mafsalli-rogar-kapagi-d400-100x100.jpg 100w, https:\/\/threestarcomposite.com\/wp-content\/uploads\/2019\/06\/Kompozit-mafsalli-rogar-kapagi-d400-247x247.jpg 247w, https:\/\/threestarcomposite.com\/wp-content\/uploads\/2019\/06\/Kompozit-mafsalli-rogar-kapagi-d400-280x280.jpg 280w\" sizes=\"(max-width: 300px) 100vw, 300px\" \/><\/p>\n<p>Samsun b\u00f6lgesinde yer alan bir\u00e7ok otel, tarihi doku ve meydana uygun kapak modelleri \u00fcretiliyor. Firmam\u0131z <strong>kompozit r<\/strong><strong>\u00f6<\/strong><strong>gar kapa\u011f\u0131 firmalar\u0131<\/strong> aras\u0131nda en yenilik\u00e7ilerden biridir. Kompozit r\u00f6gar kapaklar\u0131, geleneksel d\u00f6k\u00fcm r\u00f6gar kapaklar\u0131 kadar dayanmakla birlikte art\u0131k deformasyona kar\u015f\u0131 diren\u00e7 a\u00e7\u0131s\u0131ndan avantajlara sahiptir.<\/p>\n<p>Kompozit r\u00f6gar kapa\u011f\u0131n\u0131n say\u0131s\u0131z faydalar\u0131 aras\u0131nda \u015funlar\u0131 sayabiliriz :<\/p>\n<ul>\n<li>Hafiflik<\/li>\n<li>H\u0131rs\u0131zl\u0131\u011f\u0131 \u00f6nleme<\/li>\n<li>G\u00fcr\u00fclt\u00fc azaltma<\/li>\n<li>Elektromanyetik alanlara ge\u00e7irgenlik<\/li>\n<li>Korozyon direnci<\/li>\n<li>Elektrik yal\u0131t\u0131m\u0131<\/li>\n<\/ul>\n<p>\u00c7\u00fcnk\u00fc d\u0131\u015f alanlarda ortak kullan\u0131lan mekanlardaki g\u00f6r\u00fcn\u00fcm de \u00f6nemlidir. <strong>Samsun kompozit r\u00f6gar kapa\u011f\u0131 <\/strong>kullanarak \u00fcretilen y\u00fcksek performansl\u0131 bir\u00a0r\u00f6gar kapa\u011f\u0131na sahip oldu\u011funuzdan emin olabilirsiniz.<\/p>\n\t\t<\/div>\n\t\t\t<\/div>\n\n\t\n<\/div>\n<p>&nbsp;<\/p>\n","protected":false},"excerpt":{"rendered":"<p>&nbsp;<\/p>\n","protected":false},"author":1,"featured_media":0,"parent":0,"menu_order":0,"comment_status":"closed","ping_status":"closed","template":"","meta":[],"_links":{"self":[{"href":"https:\/\/threestarcomposite.com\/ru\/wp-json\/wp\/v2\/pages\/2557"}],"collection":[{"href":"https:\/\/threestarcomposite.com\/ru\/wp-json\/wp\/v2\/pages"}],"about":[{"href":"https:\/\/threestarcomposite.com\/ru\/wp-json\/wp\/v2\/types\/page"}],"author":[{"embeddable":true,"href":"https:\/\/threestarcomposite.com\/ru\/wp-json\/wp\/v2\/users\/1"}],"replies":[{"embeddable":true,"href":"https:\/\/threestarcomposite.com\/ru\/wp-json\/wp\/v2\/comments?post=2557"}],"version-history":[{"count":6,"href":"https:\/\/threestarcomposite.com\/ru\/wp-json\/wp\/v2\/pages\/2557\/revisions"}],"predecessor-version":[{"id":2588,"href":"https:\/\/threestarcomposite.com\/ru\/wp-json\/wp\/v2\/pages\/2557\/revisions\/2588"}],"wp:attachment":[{"href":"https:\/\/threestarcomposite.com\/ru\/wp-json\/wp\/v2\/media?parent=2557"}],"curies":[{"name":"wp","href":"https:\/\/api.w.org\/{rel}","templated":true}]}}