{"id":1920,"date":"2019-11-26T13:10:32","date_gmt":"2019-11-26T10:10:32","guid":{"rendered":"https:\/\/threestarcomposite.com\/?post_type=product&#038;p=1920"},"modified":"2020-05-16T21:44:17","modified_gmt":"2020-05-16T18:44:17","slug":"sfero-dokum-600-x-600-yagmursuyu-izgara-takimi","status":"publish","type":"product","link":"https:\/\/threestarcomposite.com\/ru\/sfero-dokum-600-x-600-yagmursuyu-izgara-takimi\/","title":{"rendered":"Sfero D\u00f6k\u00fcm 60 X 60 x 7 cm Ya\u011fmursuyu Izgara Tak\u0131m\u0131"},"content":{"rendered":"","protected":false},"excerpt":{"rendered":"","protected":false},"featured_media":1915,"template":"","meta":[],"product_cat":[117],"product_tag":[],"_links":{"self":[{"href":"https:\/\/threestarcomposite.com\/ru\/wp-json\/wp\/v2\/product\/1920"}],"collection":[{"href":"https:\/\/threestarcomposite.com\/ru\/wp-json\/wp\/v2\/product"}],"about":[{"href":"https:\/\/threestarcomposite.com\/ru\/wp-json\/wp\/v2\/types\/product"}],"wp:featuredmedia":[{"embeddable":true,"href":"https:\/\/threestarcomposite.com\/ru\/wp-json\/wp\/v2\/media\/1915"}],"wp:attachment":[{"href":"https:\/\/threestarcomposite.com\/ru\/wp-json\/wp\/v2\/media?parent=1920"}],"wp:term":[{"taxonomy":"product_cat","embeddable":true,"href":"https:\/\/threestarcomposite.com\/ru\/wp-json\/wp\/v2\/product_cat?post=1920"},{"taxonomy":"product_tag","embeddable":true,"href":"https:\/\/threestarcomposite.com\/ru\/wp-json\/wp\/v2\/product_tag?post=1920"}],"curies":[{"name":"wp","href":"https:\/\/api.w.org\/{rel}","templated":true}]}}