{"id":1922,"date":"2019-11-26T16:16:30","date_gmt":"2019-11-26T13:16:30","guid":{"rendered":"https:\/\/threestarcomposite.com\/?post_type=product&#038;p=1922"},"modified":"2020-05-16T21:44:00","modified_gmt":"2020-05-16T18:44:00","slug":"sfero-dokum-pratik-kilitli-550-x-750-yagmursuyu-izgara","status":"publish","type":"product","link":"https:\/\/threestarcomposite.com\/ru\/sfero-dokum-pratik-kilitli-550-x-750-yagmursuyu-izgara\/","title":{"rendered":"Sfero D\u00f6k\u00fcm Pratik Kilitli 40 X 40 x 7 cm Ya\u011fmursuyu Izgara Tak\u0131m\u0131"},"content":{"rendered":"","protected":false},"excerpt":{"rendered":"","protected":false},"featured_media":1917,"template":"","meta":[],"product_cat":[117],"product_tag":[],"_links":{"self":[{"href":"https:\/\/threestarcomposite.com\/ru\/wp-json\/wp\/v2\/product\/1922"}],"collection":[{"href":"https:\/\/threestarcomposite.com\/ru\/wp-json\/wp\/v2\/product"}],"about":[{"href":"https:\/\/threestarcomposite.com\/ru\/wp-json\/wp\/v2\/types\/product"}],"wp:featuredmedia":[{"embeddable":true,"href":"https:\/\/threestarcomposite.com\/ru\/wp-json\/wp\/v2\/media\/1917"}],"wp:attachment":[{"href":"https:\/\/threestarcomposite.com\/ru\/wp-json\/wp\/v2\/media?parent=1922"}],"wp:term":[{"taxonomy":"product_cat","embeddable":true,"href":"https:\/\/threestarcomposite.com\/ru\/wp-json\/wp\/v2\/product_cat?post=1922"},{"taxonomy":"product_tag","embeddable":true,"href":"https:\/\/threestarcomposite.com\/ru\/wp-json\/wp\/v2\/product_tag?post=1922"}],"curies":[{"name":"wp","href":"https:\/\/api.w.org\/{rel}","templated":true}]}}