{"id":1925,"date":"2019-11-26T19:23:47","date_gmt":"2019-11-26T16:23:47","guid":{"rendered":"https:\/\/threestarcomposite.com\/?post_type=product&#038;p=1925"},"modified":"2020-05-16T21:43:04","modified_gmt":"2020-05-16T18:43:04","slug":"sfero-dokum-200-x-500-x-25-yagmursuyu-kanal-izgarasi","status":"publish","type":"product","link":"https:\/\/threestarcomposite.com\/ru\/sfero-dokum-200-x-500-x-25-yagmursuyu-kanal-izgarasi\/","title":{"rendered":"Sfero D\u00f6k\u00fcm 20 X 50 X 2.5 cm Ya\u011fmursuyu Kanal Izgaras\u0131"},"content":{"rendered":"","protected":false},"excerpt":{"rendered":"","protected":false},"featured_media":2035,"template":"","meta":[],"product_cat":[117],"product_tag":[],"_links":{"self":[{"href":"https:\/\/threestarcomposite.com\/ru\/wp-json\/wp\/v2\/product\/1925"}],"collection":[{"href":"https:\/\/threestarcomposite.com\/ru\/wp-json\/wp\/v2\/product"}],"about":[{"href":"https:\/\/threestarcomposite.com\/ru\/wp-json\/wp\/v2\/types\/product"}],"wp:featuredmedia":[{"embeddable":true,"href":"https:\/\/threestarcomposite.com\/ru\/wp-json\/wp\/v2\/media\/2035"}],"wp:attachment":[{"href":"https:\/\/threestarcomposite.com\/ru\/wp-json\/wp\/v2\/media?parent=1925"}],"wp:term":[{"taxonomy":"product_cat","embeddable":true,"href":"https:\/\/threestarcomposite.com\/ru\/wp-json\/wp\/v2\/product_cat?post=1925"},{"taxonomy":"product_tag","embeddable":true,"href":"https:\/\/threestarcomposite.com\/ru\/wp-json\/wp\/v2\/product_tag?post=1925"}],"curies":[{"name":"wp","href":"https:\/\/api.w.org\/{rel}","templated":true}]}}