{"id":1943,"date":"2019-11-26T18:25:00","date_gmt":"2019-11-26T15:25:00","guid":{"rendered":"https:\/\/threestarcomposite.com\/?post_type=product&#038;p=1943"},"modified":"2020-05-16T21:43:13","modified_gmt":"2020-05-16T18:43:13","slug":"sfero-dokum-300-x-500-x-30-kanal-izgarasi","status":"publish","type":"product","link":"https:\/\/threestarcomposite.com\/ru\/sfero-dokum-300-x-500-x-30-kanal-izgarasi\/","title":{"rendered":"Sfero D\u00f6k\u00fcm 30 X 50 X 3 cm Kanal Izgaras\u0131"},"content":{"rendered":"","protected":false},"excerpt":{"rendered":"","protected":false},"featured_media":2036,"template":"","meta":[],"product_cat":[117],"product_tag":[],"_links":{"self":[{"href":"https:\/\/threestarcomposite.com\/ru\/wp-json\/wp\/v2\/product\/1943"}],"collection":[{"href":"https:\/\/threestarcomposite.com\/ru\/wp-json\/wp\/v2\/product"}],"about":[{"href":"https:\/\/threestarcomposite.com\/ru\/wp-json\/wp\/v2\/types\/product"}],"wp:featuredmedia":[{"embeddable":true,"href":"https:\/\/threestarcomposite.com\/ru\/wp-json\/wp\/v2\/media\/2036"}],"wp:attachment":[{"href":"https:\/\/threestarcomposite.com\/ru\/wp-json\/wp\/v2\/media?parent=1943"}],"wp:term":[{"taxonomy":"product_cat","embeddable":true,"href":"https:\/\/threestarcomposite.com\/ru\/wp-json\/wp\/v2\/product_cat?post=1943"},{"taxonomy":"product_tag","embeddable":true,"href":"https:\/\/threestarcomposite.com\/ru\/wp-json\/wp\/v2\/product_tag?post=1943"}],"curies":[{"name":"wp","href":"https:\/\/api.w.org\/{rel}","templated":true}]}}