{"id":1945,"date":"2019-11-26T17:25:41","date_gmt":"2019-11-26T14:25:41","guid":{"rendered":"https:\/\/threestarcomposite.com\/?post_type=product&#038;p=1945"},"modified":"2020-05-16T21:43:23","modified_gmt":"2020-05-16T18:43:23","slug":"sfero-dokum-400-x-500-x-35-kanal-izgarasi","status":"publish","type":"product","link":"https:\/\/threestarcomposite.com\/ru\/sfero-dokum-400-x-500-x-35-kanal-izgarasi\/","title":{"rendered":"Sfero D\u00f6k\u00fcm 40 X 50 X 3.5 cm Kanal Izgaras\u0131"},"content":{"rendered":"","protected":false},"excerpt":{"rendered":"","protected":false},"featured_media":2037,"template":"","meta":[],"product_cat":[117],"product_tag":[],"_links":{"self":[{"href":"https:\/\/threestarcomposite.com\/ru\/wp-json\/wp\/v2\/product\/1945"}],"collection":[{"href":"https:\/\/threestarcomposite.com\/ru\/wp-json\/wp\/v2\/product"}],"about":[{"href":"https:\/\/threestarcomposite.com\/ru\/wp-json\/wp\/v2\/types\/product"}],"wp:featuredmedia":[{"embeddable":true,"href":"https:\/\/threestarcomposite.com\/ru\/wp-json\/wp\/v2\/media\/2037"}],"wp:attachment":[{"href":"https:\/\/threestarcomposite.com\/ru\/wp-json\/wp\/v2\/media?parent=1945"}],"wp:term":[{"taxonomy":"product_cat","embeddable":true,"href":"https:\/\/threestarcomposite.com\/ru\/wp-json\/wp\/v2\/product_cat?post=1945"},{"taxonomy":"product_tag","embeddable":true,"href":"https:\/\/threestarcomposite.com\/ru\/wp-json\/wp\/v2\/product_tag?post=1945"}],"curies":[{"name":"wp","href":"https:\/\/api.w.org\/{rel}","templated":true}]}}