{"id":1947,"date":"2019-11-26T16:25:29","date_gmt":"2019-11-26T13:25:29","guid":{"rendered":"https:\/\/threestarcomposite.com\/?post_type=product&#038;p=1947"},"modified":"2020-05-16T21:43:41","modified_gmt":"2020-05-16T18:43:41","slug":"sfero-dokum-600-x-500-x-45-kanal-izgarasi","status":"publish","type":"product","link":"https:\/\/threestarcomposite.com\/ru\/sfero-dokum-600-x-500-x-45-kanal-izgarasi\/","title":{"rendered":"Sfero D\u00f6k\u00fcm 60 X 60 x 4.5 cm Kanal Izgaras\u0131"},"content":{"rendered":"","protected":false},"excerpt":{"rendered":"","protected":false},"featured_media":2039,"template":"","meta":[],"product_cat":[117],"product_tag":[],"_links":{"self":[{"href":"https:\/\/threestarcomposite.com\/ru\/wp-json\/wp\/v2\/product\/1947"}],"collection":[{"href":"https:\/\/threestarcomposite.com\/ru\/wp-json\/wp\/v2\/product"}],"about":[{"href":"https:\/\/threestarcomposite.com\/ru\/wp-json\/wp\/v2\/types\/product"}],"wp:featuredmedia":[{"embeddable":true,"href":"https:\/\/threestarcomposite.com\/ru\/wp-json\/wp\/v2\/media\/2039"}],"wp:attachment":[{"href":"https:\/\/threestarcomposite.com\/ru\/wp-json\/wp\/v2\/media?parent=1947"}],"wp:term":[{"taxonomy":"product_cat","embeddable":true,"href":"https:\/\/threestarcomposite.com\/ru\/wp-json\/wp\/v2\/product_cat?post=1947"},{"taxonomy":"product_tag","embeddable":true,"href":"https:\/\/threestarcomposite.com\/ru\/wp-json\/wp\/v2\/product_tag?post=1947"}],"curies":[{"name":"wp","href":"https:\/\/api.w.org\/{rel}","templated":true}]}}